{"id":930,"date":"2019-02-01T10:05:42","date_gmt":"2019-02-01T09:05:42","guid":{"rendered":"https:\/\/roma2019.xplore-festival.com\/?page_id=930"},"modified":"2019-04-18T02:36:11","modified_gmt":"2019-04-18T00:36:11","slug":"concept-program","status":"publish","type":"page","link":"https:\/\/roma2019.xplore-festival.com\/it\/concept-program\/","title":{"rendered":"Concept 2019"},"content":{"rendered":"<div class=\"wp-block-uagb-advanced-heading\" id=\"uagb-adv-heading-8e2d1396-4147-4e18-9553-7c0997815fc7\"><h2 class=\"uagb-heading-text\"> <br>RIVOLUZIONE SESSUALE <\/h2><div class=\"uagb-separator-wrap\"><div class=\"uagb-separator\"><\/div><\/div><p class=\"uagb-desc-text\"><strong>o<\/strong><\/p><\/div>\n\n\n\n<h2 style=\"text-align:center\" data-ghostkit-sr=\"zoom\">CAMBIANDO CORPI \/ MENTI IN MODIFICA<\/h2>\n\n\n\n<div style=\"height:40px\" aria-hidden=\"true\" class=\"wp-block-spacer\" data-ghostkit-sr=\"zoom\"><\/div>\n\n\n\n<hr class=\"wp-block-separator\"\/>\n\n\n\n<p data-ghostkit-sr=\"zoom\">Sembra strano e quasi assurdo proporre un festival sulla sessualit\u00e0 creativa in un paese dove un governo di destra sta minacciando i diritti umani di base e dove i cittadini sono costretti a lottare quotidianamente per difendere libert\u00e0, dignit\u00e0 e diversit\u00e0.<\/p>\n\n\n\n<p data-ghostkit-sr=\"zoom\">Tuttavia noi crediamo che il privato sia anche politico e che offrire uno spazio di sperimentazione e di libert\u00e0 sessuale sia un modo per rafforzare gli individui, incrementare lo sviluppo di menti critiche, la crescita della consapevolezza individuale e colletiva, inspirare il coraggio di ribellarsi, rivendicare la libert\u00e0 e accogliere il cambiamento.<\/p>\n\n\n\n<hr class=\"wp-block-separator\"\/>\n\n\n\n<p data-ghostkit-sr=\"zoom\">Il lato repressivo di una cultura \u00e9 impresso sul corpo, e attraverso il corpo si puo` toccarlo per alterarlo. Liberare il corpo dalla vergogna e dal senso di colpa, fornire gli strumenti per affrontare la paura e l'aggressivit\u00e0, incoraggiare l'onest\u00e0 e la comunicazione aperta, offrire il necessario contatto e la soddisfazione fisica: tutto questo significa fare la pace! Con noi stessi, con gli altri e con il mondo.<\/p>\n\n\n\n<hr class=\"wp-block-separator\"\/>\n\n\n\n<p data-ghostkit-sr=\"zoom\">Per l'edizione di quest'anno offriamo degli atelier intelligenti, delicati e sofisticati. In un tempo che sembra preferire soluzioni semplici, noi proponiamo la complessit\u00e0, alla propaganda binaria contrapponiamo la molteplicit\u00e0, contro la brutalit\u00e0 celebriamo la fragilit\u00e0 : in questo tempo di paura, noi vogliamo portare della speranza.<\/p>\n\n\n\n<hr class=\"wp-block-separator\"\/>\n\n\n\n<div style=\"height:40px\" aria-hidden=\"true\" class=\"wp-block-spacer\" data-ghostkit-sr=\"zoom\"><\/div>\n\n\n\n<h3 style=\"text-align:center\" data-ghostkit-sr=\"zoom\">Benvenuti nel nostro parco giochi!<\/h3>","protected":false},"excerpt":{"rendered":"<p>CHANGING BODIES \/ CHANGING MINDS It seems strange and almost absurd to propose a festival of creative sexuality in a country where currently a right wing government threatens basic human rights and where people need to fight for freedom, dignity and diversity. We nevertheless believe that the private is political and that offering a space &hellip;<\/p>\n<p class=\"read-more\"> <a class=\"\" href=\"https:\/\/roma2019.xplore-festival.com\/it\/concept-program\/\"> <span class=\"screen-reader-text\">Concept 2019<\/span> Leggi altro &raquo;<\/a><\/p>","protected":false},"author":1,"featured_media":0,"parent":0,"menu_order":0,"comment_status":"closed","ping_status":"closed","template":"","meta":{"ghostkit_customizer_options":"","ghostkit_custom_css":"","ghostkit_custom_js_head":"","ghostkit_custom_js_foot":"","ghostkit_typography":"","site-sidebar-layout":"no-sidebar","site-content-layout":"default","ast-global-header-display":"","ast-main-header-display":"","ast-hfb-above-header-display":"","ast-hfb-below-header-display":"","ast-hfb-mobile-header-display":"","site-post-title":"","ast-breadcrumbs-content":"","ast-featured-img":"","footer-sml-layout":"","theme-transparent-header-meta":"default","adv-header-id-meta":"","stick-header-meta":"default","header-above-stick-meta":"","header-main-stick-meta":"","header-below-stick-meta":""},"_links":{"self":[{"href":"https:\/\/roma2019.xplore-festival.com\/it\/wp-json\/wp\/v2\/pages\/930"}],"collection":[{"href":"https:\/\/roma2019.xplore-festival.com\/it\/wp-json\/wp\/v2\/pages"}],"about":[{"href":"https:\/\/roma2019.xplore-festival.com\/it\/wp-json\/wp\/v2\/types\/page"}],"author":[{"embeddable":true,"href":"https:\/\/roma2019.xplore-festival.com\/it\/wp-json\/wp\/v2\/users\/1"}],"replies":[{"embeddable":true,"href":"https:\/\/roma2019.xplore-festival.com\/it\/wp-json\/wp\/v2\/comments?post=930"}],"version-history":[{"count":4,"href":"https:\/\/roma2019.xplore-festival.com\/it\/wp-json\/wp\/v2\/pages\/930\/revisions"}],"predecessor-version":[{"id":1684,"href":"https:\/\/roma2019.xplore-festival.com\/it\/wp-json\/wp\/v2\/pages\/930\/revisions\/1684"}],"wp:attachment":[{"href":"https:\/\/roma2019.xplore-festival.com\/it\/wp-json\/wp\/v2\/media?parent=930"}],"curies":[{"name":"wp","href":"https:\/\/api.w.org\/{rel}","templated":true}]}}