{"id":909,"date":"2019-02-01T02:19:28","date_gmt":"2019-02-01T01:19:28","guid":{"rendered":"https:\/\/roma2019.xplore-festival.com\/?page_id=909"},"modified":"2019-08-21T18:42:13","modified_gmt":"2019-08-21T16:42:13","slug":"accomodation","status":"publish","type":"page","link":"https:\/\/roma2019.xplore-festival.com\/it\/accomodation\/","title":{"rendered":"Alloggio"},"content":{"rendered":"<h5 id=\"mce_1\"><div class=\"trp-language-switcher trp-language-switcher-container\" data-no-translation>\n    <div class=\"trp-ls-shortcode-current-language\">\n        <a href=\"javascript:void(0)\" class=\"trp-ls-shortcode-disabled-language trp-ls-disabled-language\" title=\"Italiano\">\n\t\t\t<img class=\"trp-flag-image\" src=\"https:\/\/roma2019.xplore-festival.com\/wp-content\/plugins\/translatepress-multilingual\/assets\/images\/flags\/it_IT.png\" width=\"18\" height=\"12\" alt=\"it_IT\" title=\"Italiano\"> IT\t\t<\/a>\n    <\/div>\n    <div class=\"trp-ls-shortcode-language\">\n                <a href=\"javascript:void(0)\" class=\"trp-ls-shortcode-disabled-language trp-ls-disabled-language\"  title=\"Italiano\">\n\t\t\t<img class=\"trp-flag-image\" src=\"https:\/\/roma2019.xplore-festival.com\/wp-content\/plugins\/translatepress-multilingual\/assets\/images\/flags\/it_IT.png\" width=\"18\" height=\"12\" alt=\"it_IT\" title=\"Italiano\"> IT\t\t<\/a>\n                    <a href=\"https:\/\/roma2019.xplore-festival.com\/wp-json\/wp\/v2\/pages\/909\/\" title=\"English (UK)\">\n            <img class=\"trp-flag-image\" src=\"https:\/\/roma2019.xplore-festival.com\/wp-content\/plugins\/translatepress-multilingual\/assets\/images\/flags\/en_GB.png\" width=\"18\" height=\"12\" alt=\"en_GB\" title=\"English (UK)\"> EN        <\/a>\n\n        <\/div>\n    <script type=\"application\/javascript\">\n        \/\/ need to have the same with set from JS on both divs. Otherwise it can push stuff around in HTML\n        var trp_ls_shortcodes = document.querySelectorAll('.trp-language-switcher');\n        if ( trp_ls_shortcodes.length > 0) {\n            \/\/ get the last language switcher added\n            var trp_el = trp_ls_shortcodes[trp_ls_shortcodes.length - 1];\n            var trp_shortcode_language_item = trp_el.querySelector('.trp-ls-shortcode-language')\n\n            \/\/ set width\n            var trp_ls_shortcode_width = trp_shortcode_language_item.offsetWidth + 5;\n            trp_shortcode_language_item.style.width = trp_ls_shortcode_width + 'px';\n            trp_el.querySelector('.trp-ls-shortcode-current-language').style.width = trp_ls_shortcode_width + 'px';\n\n            \/\/ We're putting this on display: none after we have its width.\n            trp_shortcode_language_item.style.display = 'none';\n        }\n    <\/script>\n<\/div><\/h5>\n\n\n\n<h4>(traduzione automatica)<a target=\"_blank\" href=\"http:\/\/borgopaola.it\" rel=\"noreferrer noopener\"><\/a><\/h4>\n\n\n\n<p>Sono disponibili nella location dei bellissimi appartamenti con 2 e 3 letti, ma \u00e8 anche prevista la possibilit\u00e0, per chi lo voglia, di condividere un spazio per dormire assieme al chiuso, oppure di piantare una tenda nell'immenso giardino di Borgo Paola, in modo da contenere i costi.<\/p>\n\n\n\n<ul><li><del>in appartamento letto matrimoniale per coppie: \u20ac 480.-<\/del> &#8211; <del>Disponibili solo 2 appartamenti matrimoniali privati!<\/del> <strong>esaurito!<\/strong><\/li><li><del>in appartamento a tre letti per un gruppo: \u20ac 480.- - 1 appartamento a tre letti disponibile solo!<\/del> <strong>esaurito!<\/strong><\/li><li>in dormitorio con tre letti: \u20ac 125, - a persona - 2 dormitori con tre letti (separati per uomo<del> e donne<\/del>) disponibile solo! <strong>esaurito!<\/strong><\/li><li>nella sala dormitorio: \u20ac 100.- per weekend e persona <\/li><li>campeggiare nella propria tenda sul prato: 10.- per notte e persona \/ portare la propria tenda e tutto il necessario<\/li><\/ul>\n\n\n\n<p>Se siete interessati a prenotare uno degli appartamenti, si prega di informarsi tramite il <a href=\"https:\/\/roma2019.xplore-festival.com\/it\/contact\/\">Modulo di Contatto<\/a>.<\/p>\n\n\n\n<figure class=\"wp-block-image\"><img decoding=\"async\" src=\"https:\/\/roma2018.xplore-festival.com\/images\/-sitepics\/aAmrita-9358.jpg\" alt=\"aAmrita-9358\"\/><\/figure>\n\n\n\n<p><strong>Questa offerta presso Borgo Paola \u00e8 disponibile solamente per il weekend di Xplore Roma e prevede la copertura di 3 notti (Ven-Dom) o 4 notti (Gio-Dom). Acquistabile unicamente insieme al un pass di 3 giorni lungo il processo di registrazione!<\/strong><\/p>\n\n\n\n<p>Raccomandiamo a tutti di arrivare venerd\u00ec mattina in tempo. La biglietteria aprir\u00e0 alle 9:30 e sar\u00e0 disponibile la ristorazione.<\/p>\n\n\n\n<p>Se devi arrivare gi\u00e0 gioved\u00ec sera (perch\u00e9 vieni dall&#39;estero o hai appena trovato un&#39;offerta molto speciale per il tuo volo \/ treno ...) ti daremo il benvenuto, ma non possiamo garantire nessun altro servizio (come catering, bar, servizio navetta, ecc.), poich\u00e9 saremo impegnati a organizzare la logistica per il weekend.<br>Vi preghiamo di informarci attraverso il <a href=\"https:\/\/roma2019.xplore-festival.com\/it\/contact\/\">Modulo di Contatto<\/a> prima possibile in modo da permetterci di aiutarvi. Grazie.<\/p>\n\n\n\n<h4>Alloggio vicino a Borgo Paola<\/h4>\n\n\n\n<p>Dato che l'area intorno al lago <strong>Lago di Bracciano<\/strong> \u00e8 abbastanza turistica, troverete un sacco di possibilit\u00e0 di rimanere nei villaggi <strong>Bracciano<\/strong> e <strong>Manziana Oriolo<\/strong> nelle vicinanze o <strong>&nbsp;<\/strong> Oriolo nelle vicinanze o un po 'pi\u00f9 lontano. Si prega di dare un'occhiata alla mappa die Google @ <a href=\"\/it\/#venue\">pagina della sede<\/a> - Grazie!<\/p>\n\n\n\n<p>Suggeriamo:<\/p>\n\n\n\n<p><strong>Bed and Breakfast a Bracciano Il Castagneto<\/strong><br>Via della Cisterna 9\/10, Localit\u00e0 Pisciarelli<br>00062 Bracciano Roma<br>Telefono: +39 - 06.9986513<br>www.bedandbreakfastbracciano.com<br>(Il sito Web non \u00e8 attivo)<\/p>\n\n\n\n<p><strong>La Gismonda B &amp; B<\/strong><br>Via della Cisterna 6, Localit\u00e0 Pisciarelli<br>00062 Bracciano Roma<br>Telefono: +39 - 06.99815284<\/p>","protected":false},"excerpt":{"rendered":"<p>Accommodation at Borgo Paola There are a few very attractive apartments with 2 and 3 beds available as well as the possibility to share a dormitory space or put up a tent in the garden. in double bed apartment for couples:&nbsp; \u20ac 480.- &#8211; 2 private double bed apartments available only! sold out! in three &hellip;<\/p>\n<p class=\"read-more\"> <a class=\"\" href=\"https:\/\/roma2019.xplore-festival.com\/it\/accomodation\/\"> <span class=\"screen-reader-text\">Alloggio<\/span> Leggi altro &raquo;<\/a><\/p>","protected":false},"author":1,"featured_media":0,"parent":0,"menu_order":0,"comment_status":"closed","ping_status":"closed","template":"","meta":{"ghostkit_customizer_options":"","ghostkit_custom_css":"","ghostkit_custom_js_head":"","ghostkit_custom_js_foot":"","ghostkit_typography":"","site-sidebar-layout":"default","site-content-layout":"default","ast-global-header-display":"","ast-main-header-display":"","ast-hfb-above-header-display":"","ast-hfb-below-header-display":"","ast-hfb-mobile-header-display":"","site-post-title":"","ast-breadcrumbs-content":"","ast-featured-img":"","footer-sml-layout":"","theme-transparent-header-meta":"default","adv-header-id-meta":"","stick-header-meta":"default","header-above-stick-meta":"","header-main-stick-meta":"","header-below-stick-meta":""},"_links":{"self":[{"href":"https:\/\/roma2019.xplore-festival.com\/it\/wp-json\/wp\/v2\/pages\/909"}],"collection":[{"href":"https:\/\/roma2019.xplore-festival.com\/it\/wp-json\/wp\/v2\/pages"}],"about":[{"href":"https:\/\/roma2019.xplore-festival.com\/it\/wp-json\/wp\/v2\/types\/page"}],"author":[{"embeddable":true,"href":"https:\/\/roma2019.xplore-festival.com\/it\/wp-json\/wp\/v2\/users\/1"}],"replies":[{"embeddable":true,"href":"https:\/\/roma2019.xplore-festival.com\/it\/wp-json\/wp\/v2\/comments?post=909"}],"version-history":[{"count":5,"href":"https:\/\/roma2019.xplore-festival.com\/it\/wp-json\/wp\/v2\/pages\/909\/revisions"}],"predecessor-version":[{"id":1836,"href":"https:\/\/roma2019.xplore-festival.com\/it\/wp-json\/wp\/v2\/pages\/909\/revisions\/1836"}],"wp:attachment":[{"href":"https:\/\/roma2019.xplore-festival.com\/it\/wp-json\/wp\/v2\/media?parent=909"}],"curies":[{"name":"wp","href":"https:\/\/api.w.org\/{rel}","templated":true}]}}