{"id":809,"date":"2019-01-31T17:34:57","date_gmt":"2019-01-31T16:34:57","guid":{"rendered":"https:\/\/roma2019.xplore-festival.com\/?page_id=809"},"modified":"2019-04-23T21:30:51","modified_gmt":"2019-04-23T19:30:51","slug":"frequently-asked-questions","status":"publish","type":"page","link":"https:\/\/roma2019.xplore-festival.com\/it\/frequently-asked-questions\/","title":{"rendered":"Xplore FAQ"},"content":{"rendered":"<div style=\"height:40px\" aria-hidden=\"true\" class=\"wp-block-spacer\"><\/div>\n\n\n\n<div class=\"wp-block-faq-block-for-gutenberg-faq\"><div class=\"question\"><h4>Posso solo prenotare un seminario specifico o prenotare un posto per il laboratorio desiderato in anticipo?<\/h4><\/div><div class=\"answer\" style=\"background:#ffffff;color:#3d3d3d\">No! <strong>Xplore<\/strong> \u00e8 un festival esplorativo. Pertanto potete scegliere a quale seminario desiderate partecipare.<br\/><br\/>Vi consigliamo di arrivare il pi\u00f9 presto possibile nell'aula del workshop che desiderate seguire per non rischiare di rimanere fuori a causa del sovraffollamento.<br\/>Incoraggiamo tutti a essere aperti a nuove esperienze e frequentare numerosi laboratori utili per scoprire la variet\u00e0 dell'arte del piacere. <\/div><\/div>\n\n\n\n<div class=\"wp-block-faq-block-for-gutenberg-faq\"><div class=\"question\"><h4>Devo essere nudo o avere rapporti sessuali? <\/h4><\/div><div class=\"answer\" style=\"background:#ffffff;color:#3d3d3d\">No! Se non diversamente specificato, nessun workshop richiede la nudit\u00e0.<br\/>Per la maggior parte delle officine mobili larghi, i vestiti comodi sono appropriati. Si prega di dare un&#39;occhiata alle pagine del workshop per tutto ci\u00f2 che \u00e8 necessario portare con.<br\/> <br\/>Poich\u00e9 l'evento \u00e8 stato progettato per gli adulti, dobbiamo sottolineare l'importanza della responsabilit\u00e0 e di considerazione di s\u00e9. Quindi \u00e8 ovvio che tutte le interazioni dovrebbero essere correlate al principio fondamentale di SANO, SICURO e CONSENSUALE e il sesso praticato in maniera sicura.<br\/> <br\/>Poich\u00e9 l'evento \u00e8 stato progettato per gli adulti, dobbiamo sottolineare l'importanza della responsabilit\u00e0 e di considerazione di s\u00e9. Quindi \u00e8 ovvio che tutte le interazioni dovrebbero essere correlate al principio fondamentale di SANO, SICURO e CONSENSUALE e il sesso praticato in maniera sicura.<br \/><br \/>\nProvvederemo immediatamente a fermare e eventualmente allontanare dall'evento chiunque violi queste regole o mostri atti di temerariet\u00e0 fuori luogo. <\/div><\/div>\n\n\n\n<div class=\"wp-block-faq-block-for-gutenberg-faq\"><div class=\"question\"><h4>Cosa ottengo per i miei soldi? <\/h4><\/div><div class=\"answer\" style=\"background:#ffffff;color:#3d3d3d\">Con l&#39;acquisto di un abbonamento di tre giorni \u00e8 possibile partecipare a qualsiasi workshop offerto. L&#39;abbonamento di un giorno ti consente di partecipare ai workshop nel giorno selezionato. Si prega di notare che tre workshop vengono sempre offerti contemporaneamente, probabilmente nelle seguenti fasce orarie: <br\/>(11:00 - 12:30 \/ 13:00 - 14:30 \/ Pausa \/ 16:00 - 17:30 \/ 18:00 - 19:30 \/ 20:00 - 21:30).<br\/><br\/>Pertanto, puoi prendere un massimo di cinque workshop al giorno. Nel caso in cui un particolare workshop dovesse diventare troppo pieno, ci riserviamo il diritto di limitare il numero di partecipanti. In tal caso, ti chiederemo di scegliere un&#39;alternativa simultanea o di fare una pausa. Non c&#39;\u00e8 alcuna garanzia di poter partecipare a tutti i workshop che desideri. Raccomandiamo di presentarsi in tempo. <\/div><\/div>\n\n\n\n<div class=\"wp-block-faq-block-for-gutenberg-faq\"><div class=\"question\"><h4>Devo partecipare ai workshop? Posso anche solo guardare? <\/h4><\/div><div class=\"answer\" style=\"background:#ffffff;color:#3d3d3d\">Ci\u00f2 dipende fortemente dal contenuto del workshop specifico. Nella maggior parte dei workshop, la presenza di osservatori passivi non ha importanza. In alcuni di essi, sarebbe dirompente. L&#39;insegnante decider\u00e0 di conseguenza. <\/div><\/div>\n\n\n\n<div class=\"wp-block-faq-block-for-gutenberg-faq\"><div class=\"question\"><h4>Cosa significa BDSM? <\/h4><\/div><div class=\"answer\" style=\"background:#ffffff;color:#3d3d3d\">L&#39;abbreviazione BDSM sta per tre termini che sono indipendenti, ma legati l&#39;uno all&#39;altro: Bondage e Disciplina, Dominanza e sottomissione, sadomasochismo. BDSM \u00e8 un termine collettivo che include tutte le attivit\u00e0 sessuali consensuali tra gli adulti, finalizzate al piacere reciproco, che coinvolge giochi di ruolo dominanti e sottomessi, restrizioni fisiche o giochi con soglie di dolore. <\/div><\/div>\n\n\n\n<div class=\"wp-block-faq-block-for-gutenberg-faq\"><div class=\"question\"><h4>C&#39;\u00e8 un codice di abbigliamento? <\/h4><\/div><div class=\"answer\" style=\"background:#ffffff;color:#3d3d3d\">No. Nell&#39;atmosfera tollerante e spregiudicata che stiamo sperando, tuttavia, sei anche il benvenuto a comparire nell&#39;abbigliamento fetish. Per la festa finale il dress code \u00e8 elegante-sexy-kinky-fetish. <\/div><\/div>\n\n\n\n<div class=\"wp-block-faq-block-for-gutenberg-faq\"><div class=\"question\"><h4>C&#39;\u00e8 un limite di et\u00e0? Posso portare i miei figli? <\/h4><\/div><div class=\"answer\" style=\"background:#ffffff;color:#3d3d3d\">Tutti i workshop sono riservati agli adulti, dai 18 anni in su. <\/div><\/div>\n\n\n\n<div class=\"wp-block-faq-block-for-gutenberg-faq\"><div class=\"question\"><h4>Tutto sembra riguardare le &quot;tecniche sessuali&quot;? Dov&#39;\u00e8 l&#39;amore? <\/h4><\/div><div class=\"answer\" style=\"background:#ffffff;color:#3d3d3d\">Siamo dell&#39;opinione che dovresti fare sesso - e anche molte altre cose nella vita - solo con amore. Un po &#39;pi\u00f9 di tecnica non fa male, per\u00f2. <\/div><\/div>\n\n\n\n<div class=\"wp-block-faq-block-for-gutenberg-faq\"><div class=\"question\"><h4>Ci sono laboratori in cui solo le donne o solo gli uomini possono partecipare?<\/h4><\/div><div class=\"answer\" style=\"background:#ffffff;color:#3d3d3d\">Non proprio. Alcuni laboratori possono essere destinati solo alle donne, o solo agli uomini, ma questo sar\u00e0 chiaramente annunciato.\u2028 <\/div><\/div>\n\n\n\n<div class=\"wp-block-faq-block-for-gutenberg-faq\"><div class=\"question\"><h4>Quindi questo \u00e8 un evento gay, lesbo o bisessuale? <\/h4><\/div><div class=\"answer\" style=\"background:#ffffff;color:#3d3d3d\">Abbiamo fatto uno sforzo mettendo insieme il programma e scegliendo gli insegnanti per evitare le solite separazioni e per creare una selezione che ha qualcosa da offrire per le persone di qualsiasi identit\u00e0 e orientamento sessuale. <\/div><\/div>\n\n\n\n<div class=\"wp-block-faq-block-for-gutenberg-faq\"><div class=\"question\"><h4>Cosa c&#39;entra Xplore con la danza? <\/h4><\/div><div class=\"answer\" style=\"background:#ffffff;color:#3d3d3d\">xplore presenta tecniche e rituali legati alla danza in quanto usano il corpo come mezzo centrale. Le tecniche convenzionali di danza spesso evitano la sessualit\u00e0, anche quando si lavora con l&#39;energia sessuale. La danza di successo \u00e8 brillante e radiosa. \u00c8 convincente quando un&#39;interazione coerente tra emozione e forma si riferisce a qualcosa di un piano superiore, spesso descritto dagli aggettivi &quot;magico&quot;, &quot;ispirato&quot; o &quot;universale&quot;. Potresti anche chiamarlo &quot;sexy&quot;. Le tecniche offerte da xplore si concentrano sul corpo sessuale. Sono costituiti principalmente da esercizi pratici che richiedono unit\u00e0 di forma ed emozione. Gli eventi del movimento che ne conseguono possono, con ogni mezzo, essere vissuti come danza e osservati come coreografie. <\/div><\/div>\n\n\n\n<div class=\"wp-block-faq-block-for-gutenberg-faq\"><div class=\"question\"><h4>Non ho un partner. Posso partecipare lo stesso? <\/h4><\/div><div class=\"answer\" style=\"background:#ffffff;color:#3d3d3d\">Ovviamente. In quei workshop che richiedono esercizi per i partner o un equilibrio di genere, l&#39;insegnante gestir\u00e0 la composizione e la divisione del gruppo. <\/div><\/div>\n\n\n\n<div class=\"wp-block-faq-block-for-gutenberg-faq\"><div class=\"question\"><h4>Ho un partner. Posso partecipare lo stesso? <\/h4><\/div><div class=\"answer\" style=\"background:#ffffff;color:#3d3d3d\"> Portalo con te. O chiedetegli di restare a casa. <\/div><\/div>","protected":false},"excerpt":{"rendered":"","protected":false},"author":1,"featured_media":0,"parent":0,"menu_order":0,"comment_status":"closed","ping_status":"closed","template":"","meta":{"ghostkit_customizer_options":"","ghostkit_custom_css":"","ghostkit_custom_js_head":"","ghostkit_custom_js_foot":"","ghostkit_typography":"","site-sidebar-layout":"default","site-content-layout":"content-boxed-container","ast-global-header-display":"","ast-main-header-display":"","ast-hfb-above-header-display":"","ast-hfb-below-header-display":"","ast-hfb-mobile-header-display":"","site-post-title":"","ast-breadcrumbs-content":"","ast-featured-img":"","footer-sml-layout":"","theme-transparent-header-meta":"default","adv-header-id-meta":"","stick-header-meta":"default","header-above-stick-meta":"","header-main-stick-meta":"","header-below-stick-meta":""},"_links":{"self":[{"href":"https:\/\/roma2019.xplore-festival.com\/it\/wp-json\/wp\/v2\/pages\/809"}],"collection":[{"href":"https:\/\/roma2019.xplore-festival.com\/it\/wp-json\/wp\/v2\/pages"}],"about":[{"href":"https:\/\/roma2019.xplore-festival.com\/it\/wp-json\/wp\/v2\/types\/page"}],"author":[{"embeddable":true,"href":"https:\/\/roma2019.xplore-festival.com\/it\/wp-json\/wp\/v2\/users\/1"}],"replies":[{"embeddable":true,"href":"https:\/\/roma2019.xplore-festival.com\/it\/wp-json\/wp\/v2\/comments?post=809"}],"version-history":[{"count":8,"href":"https:\/\/roma2019.xplore-festival.com\/it\/wp-json\/wp\/v2\/pages\/809\/revisions"}],"predecessor-version":[{"id":1751,"href":"https:\/\/roma2019.xplore-festival.com\/it\/wp-json\/wp\/v2\/pages\/809\/revisions\/1751"}],"wp:attachment":[{"href":"https:\/\/roma2019.xplore-festival.com\/it\/wp-json\/wp\/v2\/media?parent=809"}],"curies":[{"name":"wp","href":"https:\/\/api.w.org\/{rel}","templated":true}]}}