{"id":1476,"date":"2019-03-18T13:28:05","date_gmt":"2019-03-18T12:28:05","guid":{"rendered":"https:\/\/roma2019.xplore-festival.com\/?page_id=1476"},"modified":"2019-04-24T02:11:09","modified_gmt":"2019-04-24T00:11:09","slug":"xana","status":"publish","type":"page","link":"https:\/\/roma2019.xplore-festival.com\/it\/xana\/","title":{"rendered":"Xana"},"content":{"rendered":"<div class=\"wp-block-image\"><figure class=\"alignleft is-resized\"><img decoding=\"async\" loading=\"lazy\" src=\"https:\/\/roma2019.xplore-festival.com\/wp-content\/uploads\/xana-_-rope-and-shatzu-1024x683.jpeg\" alt=\"\" class=\"wp-image-1477\" width=\"450\" height=\"430\"\/><figcaption>Xana<\/figcaption><\/figure><\/div>\n\n\n\n<p><strong>Xa Na<\/strong> vive nel mondo dello Shiatsu fin dal 2000.<\/p>\n\n\n\n<p>Da allora il suo percorso per la crescita olistica e sensoriale su molteplici livelli come sperimentatrice continua senza sosta, non solo nell'ambito nel massaggio e della stimolazione fisica ma anche su livelli spirituali e di cambiamento ed evoluzione personale.<br>Lavora spesso mixando gli insegnamenti dell'aikido e quelli che trae dalle sue esperienze di contaminazione tra corpo, mente e spirito.<\/p>\n\n\n\n<p>Il suo prossimo obbiettivo \u00e8 quello di arrivare ad una fusione ed interazione tra Bodywork e BDSM.<\/p>\n\n\n\n<h4><\/h4>\n\n\n\n<div style=\"height:50px\" aria-hidden=\"true\" class=\"wp-block-spacer\"><\/div>\n\n\n\n<h3>Workshop<\/h3>\n\n\n\n<hr class=\"wp-block-separator\"\/>\n\n\n<div class=\"add_posts\"><a class=\"post-thumb alignleft\" style=\"float:left; margin-right:15px; clear:both;\" href=\"https:\/\/roma2019.xplore-festival.com\/it\/shiatsu-shibari\/ \"><\/a><div class=\"add_posts_content\" style=\"clear:both;\"><h4 class=\"title\" style=\"clear: none;\"><a href=\"https:\/\/roma2019.xplore-festival.com\/it\/shiatsu-shibari\/\">Shiatsu e Shibari<\/a><\/h4><div class=\"post-content\" style=\"clear:both\";><p><!-- wp:paragraph --><\/p>\n<p><a href=\"https:\/\/roma2019.xplore-festival.com\/it\/xana\/\">XaNa<\/a><\/p>\n<p><!-- \/wp:paragraph --><\/p>\n<p><!-- wp:paragraph --><\/p>\n<p><strong>Lo Shiatsu e lo Shibari<\/strong> sono entrambe discipline nate in Giappone<br \/> che hanno in comune, nella mia esperienza, alcuni tratti e possono essere complementari per altri.<br \/> Quando ho incontrato per la prima volta il mondo delle corde ero gi\u00e0 una terapista Shiatsu da qualche anno, concetti come energia vitale, meridiani, pressione risuonavano familiari nella mia mente\ned ero alla ricerca della loro dimensione espressiva.<\/p>\n<p>Il mondo dello Shibari mi aveva sempre idealmente affascinata, e sentii che le due cose potessero essere complementari, cosicch\u00e9 mi sono messa in viaggio, mettendo alla prova la possibile corrispondenza tra le due discipline.<\/p>\n<p>In questo workshop andremo ad esplorare quali sono i punti in comune tra il mondo delle corde, delle restrizioni e quello della pressione e dei pressure points, lavoreremo col respiro e cercheremo di addentrarci oltre la superficie del nostro corpo.<\/p>\n<p><!-- \/wp:paragraph --><\/p>\n<p><!-- wp:paragraph --><\/p>\n<p>Non sono necessarie esperienze precedenti, se possibile portare le proprie corde.<\/p>\n<p><!-- \/wp:paragraph --><\/p>\n<\/div><hr style=\"margin:10px 0\"><\/div><a class=\"post-thumb alignleft\" style=\"float:left; margin-right:15px; clear:both;\" href=\"https:\/\/roma2019.xplore-festival.com\/it\/belly-to-belly\/ \"><\/a><div class=\"add_posts_content\" style=\"clear:both;\"><h4 class=\"title\" style=\"clear: none;\"><a href=\"https:\/\/roma2019.xplore-festival.com\/it\/belly-to-belly\/\">Da pancia a pancia<\/a><\/h4><div class=\"post-content\" style=\"clear:both\";><p><!-- wp:paragraph --><\/p>\n<p><strong>Un atto di creazione<\/strong><\/p>\n<p><!-- \/wp:paragraph --><\/p>\n<p><!-- wp:paragraph --><\/p>\n<p><a href=\"https:\/\/roma2019.xplore-festival.com\/it\/xana\/\">XaNa<\/a><\/p>\n<p><!-- \/wp:paragraph --><\/p>\n<p><!-- wp:paragraph --><\/p>\n<p>La nostra vita \u00e8 creata all'interno di un grembo.<br \/> La pancia \u00e8 il centro del nostro corpo ed il luogo in cui inizia la vita, ma \u00e8 anche il luogo in cui elaboriamo il cibo che mangiamo per assumere nutrimento e ci\u00f2 di cui abbiamo bisogno per vivere. <\/p>\n<p><!-- \/wp:paragraph --><\/p>\n<p><!-- wp:paragraph --><\/p>\n<p>La pancia \u00e8 anche il centro del corpo che viene addestrato nelle arti marziali, la parte profonda di noi stessi in cui si trova l'energia pi\u00f9 grande e pi\u00f9 forte che possediamo, in attesa di essere\nrisvegliata e utilizzata per la creazione. <\/p>\n<p><!-- \/wp:paragraph --><\/p>\n<p><!-- wp:paragraph --><\/p>\n<p>La vita stessa \u00e8 un atto di creazione.<br \/> Attraverso alcune semplici tecniche, lavoreremo sui nostri corpi\nper risvegliare l&#39;energia sessuale ed entreremo in risonanza con gli\naltri, attraverso l&#39;unione fisica delle nostre pance.<br \/> Lasciando fluire questa risonanza potra cosi manifestarsi in un movimento, un atto sessuale, un suono, una poesia, o persino un disegno se vi portate la carta e i colori.<br \/> Sperimenteremo insieme come si creata la vita attraverso l'energia nella nostra pancia.<\/p>\n<p><!-- \/wp:paragraph --><\/p>\n<\/div><hr style=\"margin:10px 0\"><\/div><\/div><div style=\"clear: both;\"><\/div>","protected":false},"excerpt":{"rendered":"<p>Xa Na lives in the world of Shiatsu since 2000. Since then her path to holistic and sensory growth continues on multiple levels as experimenter, not only in the massage and physical stimulation but also on spiritual levels, changes and personal evolution.She often mixing the Aikido teachings and her experiences of contamination between body, mind &hellip;<\/p>\n<p class=\"read-more\"> <a class=\"\" href=\"https:\/\/roma2019.xplore-festival.com\/it\/xana\/\"> <span class=\"screen-reader-text\">Xana<\/span> Leggi altro &raquo;<\/a><\/p>","protected":false},"author":1,"featured_media":0,"parent":0,"menu_order":0,"comment_status":"closed","ping_status":"closed","template":"","meta":{"ghostkit_customizer_options":"","ghostkit_custom_css":"","ghostkit_custom_js_head":"","ghostkit_custom_js_foot":"","ghostkit_typography":"","site-sidebar-layout":"default","site-content-layout":"default","ast-global-header-display":"","ast-main-header-display":"","ast-hfb-above-header-display":"","ast-hfb-below-header-display":"","ast-hfb-mobile-header-display":"","site-post-title":"","ast-breadcrumbs-content":"","ast-featured-img":"","footer-sml-layout":"","theme-transparent-header-meta":"default","adv-header-id-meta":"","stick-header-meta":"default","header-above-stick-meta":"","header-main-stick-meta":"","header-below-stick-meta":""},"_links":{"self":[{"href":"https:\/\/roma2019.xplore-festival.com\/it\/wp-json\/wp\/v2\/pages\/1476"}],"collection":[{"href":"https:\/\/roma2019.xplore-festival.com\/it\/wp-json\/wp\/v2\/pages"}],"about":[{"href":"https:\/\/roma2019.xplore-festival.com\/it\/wp-json\/wp\/v2\/types\/page"}],"author":[{"embeddable":true,"href":"https:\/\/roma2019.xplore-festival.com\/it\/wp-json\/wp\/v2\/users\/1"}],"replies":[{"embeddable":true,"href":"https:\/\/roma2019.xplore-festival.com\/it\/wp-json\/wp\/v2\/comments?post=1476"}],"version-history":[{"count":4,"href":"https:\/\/roma2019.xplore-festival.com\/it\/wp-json\/wp\/v2\/pages\/1476\/revisions"}],"predecessor-version":[{"id":1723,"href":"https:\/\/roma2019.xplore-festival.com\/it\/wp-json\/wp\/v2\/pages\/1476\/revisions\/1723"}],"wp:attachment":[{"href":"https:\/\/roma2019.xplore-festival.com\/it\/wp-json\/wp\/v2\/media?parent=1476"}],"curies":[{"name":"wp","href":"https:\/\/api.w.org\/{rel}","templated":true}]}}