{"id":142,"date":"2018-12-10T00:18:49","date_gmt":"2018-12-09T23:18:49","guid":{"rendered":"https:\/\/roma2019.xplore-festival.com\/?page_id=142"},"modified":"2019-06-03T15:51:53","modified_gmt":"2019-06-03T13:51:53","slug":"xplore-what-is-ist-about","status":"publish","type":"page","link":"https:\/\/roma2019.xplore-festival.com\/it\/xplore-what-is-ist-about\/","title":{"rendered":"Xplore - di cosa si tratta?"},"content":{"rendered":"<div class=\"wp-block-image\"><figure class=\"alignright is-resized\"><img decoding=\"async\" loading=\"lazy\" src=\"https:\/\/roma2019.xplore-festival.com\/wp-content\/uploads\/about-xp-festival.jpg\" alt=\"xplore - The Festival on the Art of Lust\" class=\"wp-image-114\" width=\"630\" height=\"447\" srcset=\"https:\/\/roma2019.xplore-festival.com\/wp-content\/uploads\/about-xp-festival.jpg 840w, https:\/\/roma2019.xplore-festival.com\/wp-content\/uploads\/about-xp-festival-300x213.jpg 300w, https:\/\/roma2019.xplore-festival.com\/wp-content\/uploads\/about-xp-festival-768x545.jpg 768w\" sizes=\"(max-width: 630px) 100vw, 630px\" \/><\/figure><\/div>\n\n\n\n<p><strong>Xplore ...<\/strong><\/p>\n\n\n\n<p><strong>&#8230;<\/strong>&nbsp;\u00e8 un evento di tre giorni sul corpo, l\u2019arte, la danza, la sessualit\u00e1 creativa, il concious kink, la performance e le forme rituali.<\/p>\n\n\n\n<p><strong>&#8230;<\/strong>&nbsp;offre pi\u00f9 di 40 workshop, conferenze e performance su diversi aspetti legati al corpo, all\u2019arte e alla sessualit\u00e1.<\/p>\n\n\n\n<p><strong>&#8230;<\/strong>&nbsp;presenta insegnamenti di pratiche fisiche, pratiche terapeutiche o artistiche, tutti volte alla ricerca e alla sperimentazione, al fine di raggiungere una migliore conoscenza di se e del proprio corpo, dei propri desideri, una crescita personale e una scoperta ludica dei propri limiti, e anche per il puro piacere e il divertimento. Gli insegnanti e i partecipanti di xplore vengono da tutto il mondo e hanno orizzonti e conoscenze molto diverse; il terreno comune di tutti gli atelier \u00e8 la giocosit\u00e0, la comunicazione, la creativit\u00e0 e l\u2019esplorazione delle relazioni al di l\u00e1 dei rapporti tradizionali, e di coppia.<\/p>\n\n\n\n<p><strong>&#8230;<\/strong>&nbsp;ospiter\u00e0 relatori da tutto il mondo che insegneranno brevi workshop, dando una visione approfondita dei loro campi speciali.<\/p>\n\n\n\n<p><strong>&#8230;<\/strong>&nbsp;desidera anche fornire spunti, idee e immagini e promuovere un approccio nuovo al corpo e alla sessualit\u00e1, intelligente, aperto e giocoso. \nXplore vuole anche riunire tutti coloro che pensano e amano in modo non convenzionale, per condividere e imparare nuove forme di stare insieme.&nbsp;<strong>Xplore<\/strong>&nbsp;Roma 2019 riunisce, come nelle edizioni precedenti, insegnanti locali, nazionali e internazionali, ed \u00e9 l\u2019occasione ideale per uscire dalla citt\u00e1 e passare tre giorni in un ambiente multiculturale, con persone creative a contatto con la natura, nel bellissimo agriturismo \u201cBorgo Paola\u201c con la sua sorgente d\u2019acqua, la piscina, il bosco, a 50 km da roma, appena fuori da Bracciano.<\/p>\n\n\n\n<p><strong>&#8230;<\/strong>\u00a0&nbsp;\u00e8 un'idea del coreografo e artista concettuale&nbsp;\u00a0<strong>Felix Ruckert<\/strong>\u00a0e si svolge ogni anno a Berlino dal 2004. Visto il sucesso riscontrato negli anni e il numero sempre crescente di partecipanti, il concetto di Xplore \u00e8 stato esportato in varie altre citt\u00e1 europee come: PARIGI, VIENNA, BARCELLONA, COPENAGHEN E ROMA, in cui si terr\u00e1 per il settimo anno consecutivo.\u00a0<strong>Xplore<\/strong>\u00a0Roma 2019 riunisce, come nelle edizioni precedenti, insegnanti locali, nazionali e internazionali, ed \u00e9 l\u2019occasione ideale per uscire dalla citt\u00e1 e passare tre giorni in un ambiente multiculturale, con persone creative a contatto con la natura, nel bellissimo agriturismo \u201cBorgo Paola\u201c con la sua sorgente d\u2019acqua, la piscina, il bosco, a 50 km da roma, appena fuori da Bracciano.<br>Per fornire a pi\u00f9 persone l&#39;accesso al mix unico di workshop e presentazioni del festival, abbiamo deciso da alcuni anni di esportare il\u00a0<strong class=\"\">Xplore<\/strong>\u00a0.<\/p>\n\n\n\n<p>Nel 2019 <strong>Xplore<\/strong> si svolger\u00e0 a Roma per la settima volta.<\/p>\n\n\n\n<p>In questa edizione presenteremo presentatori internazionali oltre che locali e nazionali. Poich\u00e9 il legame con la scena locale \u00e8 un aspetto molto importante per noi, siamo molto interessati a entrare in contatto con le persone che vogliono comunicare e trasmettere l&#39;idea di&nbsp;<strong>Xplore<\/strong>&nbsp;nella loro citt\u00e0 o regione. Se sei interessato o ispirato, ti preghiamo di contattarci!<\/p>\n\n\n\n<p><strong>Xplore Roma 2019<\/strong>&nbsp;ama offrire di nuovo questo evento speciale come un rifugio creativo lontano dalla citt\u00e0: tre giorni a contatto con la natura, all&#39;interno dei terreni di&nbsp;<strong>Borgo Paola<\/strong>&nbsp;una casa colonica con la sua fonte d&#39;acqua e una grande piscina, situata in una foresta a circa 50 km da Roma ...<\/p>\n\n\n\n<p>Benvenuti nel nostro parco giochi!<\/p>\n\n\n\n<p><br><\/p>\n\n\n\n<hr class=\"wp-block-separator\"\/>\n\n\n\n<p>per favore leggi anche:<\/p>\n\n\n\n<p><a href=\"https:\/\/roma2019.xplore-festival.com\/it\/the-xplore-innovation\/\">The Xplore Innovation - Un articolo del Dr. Peter Banki<\/a><\/p>","protected":false},"excerpt":{"rendered":"<p>Xplore&#8230; &#8230;&nbsp;is a three-day event on creative sexuality, BDSM, body work, dance, performance and ritual. &#8230;&nbsp;offers more than 40 workshops, demonstrations, lectures and performances on different aspects and variations of sexuality &#8230;&nbsp;presents unusual individuals who play with, work with, and explore the phenomenon of sexuality. Individuals who have developed amazing techniques and rituals on their &hellip;<\/p>\n<p class=\"read-more\"> <a class=\"\" href=\"https:\/\/roma2019.xplore-festival.com\/it\/xplore-what-is-ist-about\/\"> <span class=\"screen-reader-text\">Xplore - di cosa si tratta?<\/span> Leggi altro &raquo;<\/a><\/p>","protected":false},"author":1,"featured_media":0,"parent":0,"menu_order":0,"comment_status":"closed","ping_status":"closed","template":"","meta":{"ghostkit_customizer_options":"","ghostkit_custom_css":"","ghostkit_custom_js_head":"","ghostkit_custom_js_foot":"","ghostkit_typography":"","site-sidebar-layout":"default","site-content-layout":"default","ast-global-header-display":"","ast-main-header-display":"","ast-hfb-above-header-display":"","ast-hfb-below-header-display":"","ast-hfb-mobile-header-display":"","site-post-title":"","ast-breadcrumbs-content":"","ast-featured-img":"","footer-sml-layout":"","theme-transparent-header-meta":"default","adv-header-id-meta":"","stick-header-meta":"default","header-above-stick-meta":"","header-main-stick-meta":"","header-below-stick-meta":""},"_links":{"self":[{"href":"https:\/\/roma2019.xplore-festival.com\/it\/wp-json\/wp\/v2\/pages\/142"}],"collection":[{"href":"https:\/\/roma2019.xplore-festival.com\/it\/wp-json\/wp\/v2\/pages"}],"about":[{"href":"https:\/\/roma2019.xplore-festival.com\/it\/wp-json\/wp\/v2\/types\/page"}],"author":[{"embeddable":true,"href":"https:\/\/roma2019.xplore-festival.com\/it\/wp-json\/wp\/v2\/users\/1"}],"replies":[{"embeddable":true,"href":"https:\/\/roma2019.xplore-festival.com\/it\/wp-json\/wp\/v2\/comments?post=142"}],"version-history":[{"count":1,"href":"https:\/\/roma2019.xplore-festival.com\/it\/wp-json\/wp\/v2\/pages\/142\/revisions"}],"predecessor-version":[{"id":1804,"href":"https:\/\/roma2019.xplore-festival.com\/it\/wp-json\/wp\/v2\/pages\/142\/revisions\/1804"}],"wp:attachment":[{"href":"https:\/\/roma2019.xplore-festival.com\/it\/wp-json\/wp\/v2\/media?parent=142"}],"curies":[{"name":"wp","href":"https:\/\/api.w.org\/{rel}","templated":true}]}}