{"id":140,"date":"2018-12-10T00:16:51","date_gmt":"2018-12-09T23:16:51","guid":{"rendered":"https:\/\/roma2019.xplore-festival.com\/?page_id=140"},"modified":"2019-12-12T13:47:05","modified_gmt":"2019-12-12T12:47:05","slug":"producers","status":"publish","type":"page","link":"https:\/\/roma2019.xplore-festival.com\/it\/producers\/","title":{"rendered":"Produttori 2019"},"content":{"rendered":"<div style=\"height:50px\" aria-hidden=\"true\" class=\"wp-block-spacer\"><\/div>\n\n\n\n<h3 id=\"caprice\">Caprice Ennulat<\/h3>\n\n\n\n<div class=\"wp-block-image\"><figure class=\"alignleft is-resized\"><img decoding=\"async\" loading=\"lazy\" src=\"https:\/\/roma2019.xplore-festival.com\/wp-content\/uploads\/Caprice-1.jpg\" alt=\"\" class=\"wp-image-1566\" width=\"300\" height=\"420\" srcset=\"https:\/\/roma2019.xplore-festival.com\/wp-content\/uploads\/Caprice-1.jpg 400w, https:\/\/roma2019.xplore-festival.com\/wp-content\/uploads\/Caprice-1-214x300.jpg 214w\" sizes=\"(max-width: 300px) 100vw, 300px\" \/><\/figure><\/div>\n\n\n\n<p>... \u00e8 un uomo multi talento, sempre in movimento, ricercatore e viaggiatore in termini di movimento ed \u00e8 in grado di guardare in profondit\u00e0 nelle anime degli esseri umani. Questa curiosit\u00e0 l&#39;ha portata in contatto con Felix Ruckert e il suo lavoro nel 2002. Si \u00e8 esibita nelle sue produzioni <strong>Servizio segreto<\/strong> attraverso l&#39;europa e <strong>SM - Magia sensuale <\/strong>a <strong>Schwelle 7<\/strong>.<br>Assieme a Felix, Caprice ha iniziato a far crescere la comunit\u00e0 <strong>xplore Berlin&nbsp;<\/strong>nel 2004. Come produttore lavora per xplore Berlin e Rome. <\/p>\n\n\n\n<p>Oltre a ci\u00f2, Caprice \u00e8 proprietaria e direttrice di uno studio di yoga, dove \u00e8 educata <strong>Pain-Release-Therapy<\/strong>. Ha studiato balletto classico, danza contemporanea e diverse tecniche di massaggio. Lei sta correndo insieme al suo partner Steff Huber <strong>Liberazione e guarigione<\/strong> (<a href=\"http:\/\/www.liberationhealing.de\">www.liberationhealing.de<\/a>) - con particolare attenzione alla coppia e alla terapia sessuale, nonch\u00e9 workshop di gruppo sui diversi temi della sessualit\u00e0 a Francoforte e Wiesbaden.<\/p>\n\n\n\n<p>Maggiori informazioni:&nbsp;<br><a rel=\"noreferrer noopener\" href=\"http:\/\/www.monkiyoga.de\/yogalehrer\/caprice\/\" target=\"_blank\">www.monkiyoga.de\u00a0  \u00a0   <\/a><a rel=\"noreferrer noopener\" aria-label=\"www.liberationhealing.de (opens in a new tab)\" href=\"http:\/\/www.liberationhealing.de\" target=\"_blank\">www.liberationhealing.de<\/a><a rel=\"noreferrer noopener\" href=\"http:\/\/www.monkiyoga.de\/yogalehrer\/caprice\/\" target=\"_blank\"> <\/a><\/p>\n\n\n\n<div style=\"height:100px\" aria-hidden=\"true\" class=\"wp-block-spacer\"><\/div>\n\n\n\n<h3 id=\"felix\">Felix Ruckert<\/h3>\n\n\n\n<div class=\"wp-block-image\"><figure class=\"alignleft is-resized\"><img decoding=\"async\" loading=\"lazy\" src=\"https:\/\/roma2019.xplore-festival.com\/wp-content\/uploads\/RuckertFelix_01wSw.jpg\" alt=\"\" class=\"wp-image-836\" width=\"296\" height=\"414\" srcset=\"https:\/\/roma2019.xplore-festival.com\/wp-content\/uploads\/RuckertFelix_01wSw.jpg 591w, https:\/\/roma2019.xplore-festival.com\/wp-content\/uploads\/RuckertFelix_01wSw-214x300.jpg 214w, https:\/\/roma2019.xplore-festival.com\/wp-content\/uploads\/RuckertFelix_01wSw-357x500.jpg 357w, https:\/\/roma2019.xplore-festival.com\/wp-content\/uploads\/RuckertFelix_01wSw-572x800.jpg 572w\" sizes=\"(max-width: 296px) 100vw, 296px\" \/><\/figure><\/div>\n\n\n\n<p>Sorry this text is for the moment automatically translated. \n\nFelix Ruckert \u00e8 un ballerino, coreografo e curatore. Crea eventi, si esibisce, tiene lezioni e tiene seminari, spesso fondendo la sua conoscenza della danza con un approccio unico alle pratiche del BDSM e della sessualit\u00e0 consapevole. Gli piace anche fare musica.<br>Ha iniziato come ballerino lavorando con diverse compagnie rinomate (<strong>Mathilde Monnier, Tanztheater Wuppertaler di Pina Bausch)<\/strong> prima di dedicarmi alla coreografia, al lavoro concettuale e alle installazioni coreografiche. Tra il 1993 e il 2008 ha creato oltre 30 spettacoli serali per la sua compagnia con sede a Berlino; alcuni di quelli visitati in tutto il mondo. Ha fortemente influenzato le arti dello spettacolo espandendo il palco sul corpo fisico del pubblico e dandogli un ruolo attivo nelle sue esibizioni. I suoi pezzi di danza sperimentale, il suo lavoro partecipativo e le sue coreografie per le compagnie di balletto gli hanno fatto guadagnare una reputazione internazionale come uno dei coreografi contemporanei pi\u00f9 versatili e innovativi.<br><br> L&#39;interesse principale di Felix sono le infinite possibilit\u00e0 del corpo umano. Ha studiato danza classica e contemporanea, improvvisazione, Feldenkrais, Pilates, Continuum Movement, Yoga, Chi Kung, Kinomichi, Kyudo, Tao Yoga, diverse tecniche di Massaggio, Tantra, Kinbaku, Coro e Canto Singolo e molto altro ancora. Negli ultimi venti anni \u00e8 diventato famoso per la sua indagine pratica e teorica sul BDSM e l&#39;esplorazione delle connessioni tra tecniche BDSM e pratiche artistiche, sviluppando un&#39;arte del tatto e una filosofia della comunicazione sensuale.<br>Dal 2007 al 2016 ha diretto la sede dell&#39;arte <strong>schwelle7<\/strong> a Berlino come fusione di un club vizioso, uno studio di danza, un teatro e un salotto privato: una performance permanente sulla soglia tra il privato e il pubblico. Schwelle7 ha anche prodotto molte performance e workshop con maestri giapponesi e quindi ha svolto un ruolo importante nella divulgazione del Kinbaku - Japanese Rope Bondage - in Europa. Un documentario su schwelle7,&nbsp;<strong>Violentamente felice di Paola Calvo<\/strong>, \u00e8 stato rilasciato nel 2017.<br>Dal 2004 Felix dirige il festival annuale <strong>xplore<\/strong> a Berlino e cura le sue filiali internazionali, con 28 edizioni in sette paesi finora. Dal 2012 dirige anche lui <strong>EURIX - The European Rigger & Model Exchange<\/strong>, un festival biennale a Berlino dedicato allo sviluppo di Rope Bondage come forma d&#39;arte.<br> <a href=\"http:\/\/www.felixruckert.de\">www.felixruckert.de<\/a><\/p>\n\n\n\n<div style=\"height:100px\" aria-hidden=\"true\" class=\"wp-block-spacer\"><\/div>\n\n\n\n<h3 id=\"nehra\">Nehra Stella<\/h3>\n\n\n\n<div class=\"wp-block-image\"><figure class=\"alignleft is-resized\"><img decoding=\"async\" loading=\"lazy\" src=\"https:\/\/roma2019.xplore-festival.com\/wp-content\/uploads\/Nehra-Stella-1.jpg\" alt=\"Nehra Stella with camera\" class=\"wp-image-1564\" width=\"300\" height=\"420\"\/><\/figure><\/div>\n\n\n\n<p>Nehra Stella \u00e8 un&#39;artista, operaia e regista. Nel suo lavoro esplora genere, sessualit\u00e0, problemi di identit\u00e0, amore e relazioni, con un punto di vista ironico, erotico, femminista, queer.&nbsp;<br>Crede che ART e SEX possano cambiare il mondo.&nbsp;<\/p>\n\n\n\n<p>Ha diretto &quot;<a class=\"\" href=\"http:\/\/michastella.de\/session-jeanne\/\">Paris la Nuit<\/a>&quot; nel 2009, &quot;<a class=\"\" href=\"http:\/\/michastella.de\/vivre-berlin\/\">Vivre Berlin<\/a>&quot;Nel 2013 e&quot;<a class=\"\" href=\"http:\/\/michastella.de\/berlin-sarajevo\/\">Berlin-Sarajevo<\/a>&quot;Nel 2014, insieme all&#39;artista&nbsp;<a class=\"\" href=\"http:\/\/www.natashaproductions.com\/\">Natasha Davis<\/a>&nbsp;e sta attualmente modificando il documentario &quot;<a class=\"\" href=\"http:\/\/michastella.de\/le-bel-animal-a-film-documentary-about-xplore-berlin\/\">Le bel animale<\/a>\u201c.&nbsp;<br>Parallelamente al suo lavoro artistico, si concentra su diverse pratiche del corpo, yoga, nutrizione e ipnoterapia. <br>Nel 2013 ha iniziato a collaborare con il coreografo e artista concettuale Felix Ruckert su diversi progetti: performance, video musicali, workshop e ritiri curativi che combinano arte, Kink e consapevolezza del corpo. <\/p>\n\n\n\n<p>Dal 2017 ha co-curato con lui il programma per&nbsp;<a class=\"\" href=\"http:\/\/www.xplore-festival.com\/\">Festival di Xplore<\/a>&nbsp;per Roma, Barcellona e Copenaghen.<\/p>\n\n\n\n<p>Insegna anche workshop sull&#39;emancipazione femminile, Kink cosciente, Fluidit\u00e0 di genere e corda e si esibisce in schiavit\u00f9 con l&#39;artista Pilar Aldea.&nbsp;<br>Nel 2018 ha co-creato con l&#39;artista Anna Natt lo spazio di gioco &quot;School of Love&quot; per Berlin xplore.<\/p>\n\n\n\n<div style=\"height:100px\" aria-hidden=\"true\" class=\"wp-block-spacer\"><\/div>\n\n\n\n<h3 id=\"delta\">delta\u00ae<\/h3>\n\n\n\n<div class=\"wp-block-image\"><figure class=\"alignleft\"><img decoding=\"async\" loading=\"lazy\" width=\"300\" height=\"420\" src=\"https:\/\/roma2019.xplore-festival.com\/wp-content\/uploads\/delta.jpg\" alt=\"Delta presenter portrait\" class=\"wp-image-156\" srcset=\"https:\/\/roma2019.xplore-festival.com\/wp-content\/uploads\/delta.jpg 300w, https:\/\/roma2019.xplore-festival.com\/wp-content\/uploads\/delta-214x300.jpg 214w\" sizes=\"(max-width: 300px) 100vw, 300px\" \/><\/figure><\/div>\n\n\n\n<p>Produttore internazionale, webmaster e responsabile per la registrazione e il supporto dei partecipante per tutti i&nbsp;<strong>Festival Xplore<\/strong>.<br>Amministrazione e affari finanziari per lo spazio del laboratorio delle prestazioni&nbsp;<a rel=\"noreferrer noopener\" target=\"_blank\" href=\"http:\/\/www.schwelle7.de\/\"><strong>schwelle7<\/strong><\/a> a Berlino.<\/p>\n\n\n\n<p>Ulteriori informazioni nella sua pagina personale:&nbsp;<a href=\"https:\/\/roma2019.xplore-festival.com\/it\/delta\/\">delta\u00ae<\/a>.<\/p>\n\n\n\n<div style=\"height:100px\" aria-hidden=\"true\" class=\"wp-block-spacer\"><\/div>\n\n\n\n<div style=\"height:100px\" aria-hidden=\"true\" class=\"wp-block-spacer\"><\/div>","protected":false},"excerpt":{"rendered":"<p>Caprice Ennulat &#8230; is a multi talented human &#8211; always on the move, a researcher and traveler in terms of movement and is able to look deep into the souls of human beings. This curiosity brought her in contact with Felix Ruckert and his work in 2002. She performed in his productions Secret Service through &hellip;<\/p>\n<p class=\"read-more\"> <a class=\"\" href=\"https:\/\/roma2019.xplore-festival.com\/it\/producers\/\"> <span class=\"screen-reader-text\">Produttori 2019<\/span> Leggi altro &raquo;<\/a><\/p>","protected":false},"author":1,"featured_media":0,"parent":0,"menu_order":0,"comment_status":"closed","ping_status":"closed","template":"","meta":{"ghostkit_customizer_options":"","ghostkit_custom_css":"","ghostkit_custom_js_head":"","ghostkit_custom_js_foot":"","ghostkit_typography":"","site-sidebar-layout":"default","site-content-layout":"default","ast-global-header-display":"","ast-main-header-display":"","ast-hfb-above-header-display":"","ast-hfb-below-header-display":"","ast-hfb-mobile-header-display":"","site-post-title":"","ast-breadcrumbs-content":"","ast-featured-img":"","footer-sml-layout":"","theme-transparent-header-meta":"default","adv-header-id-meta":"","stick-header-meta":"default","header-above-stick-meta":"","header-main-stick-meta":"","header-below-stick-meta":""},"_links":{"self":[{"href":"https:\/\/roma2019.xplore-festival.com\/it\/wp-json\/wp\/v2\/pages\/140"}],"collection":[{"href":"https:\/\/roma2019.xplore-festival.com\/it\/wp-json\/wp\/v2\/pages"}],"about":[{"href":"https:\/\/roma2019.xplore-festival.com\/it\/wp-json\/wp\/v2\/types\/page"}],"author":[{"embeddable":true,"href":"https:\/\/roma2019.xplore-festival.com\/it\/wp-json\/wp\/v2\/users\/1"}],"replies":[{"embeddable":true,"href":"https:\/\/roma2019.xplore-festival.com\/it\/wp-json\/wp\/v2\/comments?post=140"}],"version-history":[{"count":4,"href":"https:\/\/roma2019.xplore-festival.com\/it\/wp-json\/wp\/v2\/pages\/140\/revisions"}],"predecessor-version":[{"id":1842,"href":"https:\/\/roma2019.xplore-festival.com\/it\/wp-json\/wp\/v2\/pages\/140\/revisions\/1842"}],"wp:attachment":[{"href":"https:\/\/roma2019.xplore-festival.com\/it\/wp-json\/wp\/v2\/media?parent=140"}],"curies":[{"name":"wp","href":"https:\/\/api.w.org\/{rel}","templated":true}]}}