{"id":1387,"date":"2019-02-20T20:07:53","date_gmt":"2019-02-20T19:07:53","guid":{"rendered":"https:\/\/roma2019.xplore-festival.com\/?page_id=1387"},"modified":"2019-06-23T14:52:26","modified_gmt":"2019-06-23T12:52:26","slug":"nehra-stella","status":"publish","type":"page","link":"https:\/\/roma2019.xplore-festival.com\/it\/nehra-stella\/","title":{"rendered":"Nehra Stella"},"content":{"rendered":"<p><br><\/p>\n\n\n\n<div class=\"wp-block-image\"><figure class=\"alignleft is-resized\"><a href=\"https:\/\/roma2018.xplore-festival.com\/index.php\/en\/nehra-stella-en-15\"><img decoding=\"async\" loading=\"lazy\" src=\"https:\/\/roma2018.xplore-festival.com\/images\/-presenters\/Nehra-Stella.jpg\" alt=\"Nehra-Stella\" width=\"300\" height=\"420\"\/><\/a><\/figure><\/div>\n\n\n\n<p>Nehra Stella \u00e8 una regista, body worker e insegnante. Nel suo lavoro esplora il genere, la sessualit\u00e0, le questioni identitarie, l\u2019amore e le relazioni, con un punto di vista ironico, erotico, femminista e queer. \n\nRitiene che l\u2019ARTE e il SESSO possano cambiare il mondo. \n\nHa diretto \"Paris la Nuit\" nel 2009, \"Vivre Berlin\" nel 2013 e \"Berlin-Sarajevo\" nel 2014, insieme all'artista Natasha Davis e attualmente sta montando il documentario \"Le bel Animal\". \n\nParallelamente al suo lavoro artistico si concentra su diverse pratiche corporee, yoga, nutrizione e ipnoterapia. Nel 2013 ha iniziato a collaborare con il coreografo e artista concettuale Felix Ruckert su diversi progetti: Performaces, video musicali, workshop e ritiri che combinano Arte, Kink e coscienza del corpo.\n\nDal 2017 si occupa con lui della programmazione dell\u2019 Xplore festival di Roma, Barcellona e Copenhagen.\n\nInsegna workshop per l\u2019 \u201cEmpowerment delle donne, il \u201cConscious kink\u201c, sulla fluidit\u00e1 di genere e il bondage, e ha collaborato con varie perfomance di corde insieme all\u2019artista Pilar Aldea. \n\nNel 2018 ha co-creato con l\u2019artista Anna Natt, \u201cThe School of Love\u201c per il festival xplore di Berlino.&nbsp;<\/p>\n\n\n\n<p>Crede che ART e SEX possano cambiare il mondo.&nbsp;<\/p>\n\n\n\n<p>Ha diretto &quot;<a href=\"http:\/\/michastella.de\/session-jeanne\/\" class=\"\">Paris la Nuit<\/a>&quot; nel 2009, &quot;<a href=\"http:\/\/michastella.de\/vivre-berlin\/\" class=\"\">Vivre Berlin<\/a>&quot;Nel 2013 e&quot;<a href=\"http:\/\/michastella.de\/berlin-sarajevo\/\" class=\"\">Berlin-Sarajevo<\/a>&quot;Nel 2014, insieme all&#39;artista&nbsp;<a href=\"http:\/\/www.natashaproductions.com\/\" class=\"\">Natasha Davis<\/a>&nbsp;e sta attualmente modificando il documentario &quot;<a href=\"http:\/\/michastella.de\/le-bel-animal-a-film-documentary-about-xplore-berlin\/\" class=\"\">Le bel animale<\/a>\u201c.&nbsp;<\/p>\n\n\n\n<p>Parallelamente al suo lavoro artistico, si concentra su diverse pratiche del corpo, yoga, nutrizione e ipnoterapia.&nbsp;<\/p>\n\n\n\n<p>Nel 2013 ha iniziato a collaborare con il coreografo e artista concettuale Felix Ruckert su diversi progetti: performance, video musicali, workshop e ritiri curativi che combinano arte, Kink e consapevolezza del corpo.&nbsp;<\/p>\n\n\n\n<p>Dal 2017 ha co-curato con lui il programma per&nbsp;<a href=\"http:\/\/www.xplore-festival.com\/\" class=\"\">Festival di Xplore<\/a>&nbsp;per Roma, Barcellona e Copenaghen.<\/p>\n\n\n\n<p>Insegna anche workshop sull&#39;emancipazione femminile, Kink cosciente, Fluidit\u00e0 di genere e corda e si esibisce in schiavit\u00f9 con l&#39;artista Pilar Aldea.&nbsp;<\/p>\n\n\n\n<p>Nel 2018 ha co-creato con l&#39;artista Anna Natt, lo spazio di gioco &quot;School of Love&quot; per Berlin xplore<\/p>\n\n\n\n<div style=\"height:100px\" aria-hidden=\"true\" class=\"wp-block-spacer\"><\/div>\n\n\n\n<h3>Workshop<\/h3>\n\n\n\n<p><\/p>\n\n\n\n<hr class=\"wp-block-separator is-style-wide\" data-ghostkit-sr=\"zoom\"\/>\n\n\n<div class=\"add_posts\"><a class=\"post-thumb alignleft\" style=\"float:left; margin-right:15px; clear:both;\" href=\"https:\/\/roma2019.xplore-festival.com\/it\/playing-with-misogyny\/ \"><\/a><div class=\"add_posts_content\" style=\"clear:both;\"><h4 class=\"title\" style=\"clear: none;\"><a href=\"https:\/\/roma2019.xplore-festival.com\/it\/playing-with-misogyny\/\">Giocare con la Misoginia<\/a><\/h4><div class=\"post-content\" style=\"clear:both\";><p><!-- wp:paragraph {\"ghostkitSR\":\"zoom\"} --><\/p>\n<p data-ghostkit-sr=\"zoom\"><strong><a href=\"https:\/\/roma2019.xplore-festival.com\/it\/nehra-stella\/\">Nehra Stella<\/a><\/strong><\/p>\n<p><!-- \/wp:paragraph --><\/p>\n<p><!-- wp:paragraph {\"fontSize\":\"medium\",\"ghostkitSR\":\"zoom\"} --><\/p>\n<p class=\"has-medium-font-size\" data-ghostkit-sr=\"zoom\">Misoginia definisce l'atteggiamento culturale di odio, diffidenza o pregiudizio contro le femmine e l'idea che gli uomini siano meglio delle donne. <\/p>\n<p><!-- \/wp:paragraph --><\/p>\n<p><!-- wp:paragraph {\"ghostkitSR\":\"zoom\"} --><\/p>\n<p data-ghostkit-sr=\"zoom\">La Misoginia \u00e8 alla base di un sistema ideologico o di credenze che ha accompagnato le societ\u00e0 patriarcali per migliaia di anni e continua a relegare le donne in posizioni subordinate, riservandogli un accesso limitato al potere e ai processi decisionali. <\/p>\n<p><!-- \/wp:paragraph --><\/p>\n<p><!-- wp:image {\"id\":1811,\"align\":\"right\",\"ghostkitSR\":\"zoom\"} --><\/p>\n<div class=\"wp-block-image\" data-ghostkit-sr=\"zoom\">\n<figure class=\"alignright\"><img src=\"https:\/\/roma2019.xplore-festival.com\/wp-content\/uploads\/Playing-With-Misogyny1280px-Tizian_091.jpeg\" alt=\"\" class=\"wp-image-1811\"\/><\/figure>\n<\/div>\n<p><!-- \/wp:image --><\/p>\n<p><!-- wp:paragraph {\"ghostkitSR\":\"zoom\"} --><\/p>\n<p data-ghostkit-sr=\"zoom\" class=\" translation-block\">Anche se pi\u00f9 comune negli uomini, la misoginia esiste e viene praticata anche dalle donne contro le altre donne o addirittura contro se stesse.\nLa misoginia si ritrova in testi sacri di varie religioni, nelle mitologie antiche, e nella letteratura e filosofia occidentale.<\/p>\n<p><!-- \/wp:paragraph --><\/p>\n<p><!-- wp:paragraph {\"ghostkitSR\":\"zoom\"} --><\/p>\n<p data-ghostkit-sr=\"zoom\">Il primo esempio scritto di misoginia si trova nell'Odissea (VIII secolo a.C.) quando la moglie di Ulisse, Penelope, si fa chiudere il becco da suo figlio Telemaco, che le ordina di tornare nella sua stanza, per lasciare che gli uomini discutano di argomenti importanti. &nbsp;<\/p>\n<p><!-- \/wp:paragraph --><\/p>\n<p><!-- wp:paragraph {\"ghostkitSR\":\"zoom\"} --><\/p>\n<p data-ghostkit-sr=\"zoom\" class=\" translation-block\">Un esempio ancora pi\u00f9 creativo \u00e8 \"il catalogo delle donne\" del poeta Semonide di Amorgos (VII secolo a.C.) in cui l\u2019autore paragona le donne agli elementi della natura e agli animali: maiala, volpe, cagna, terra, mare, asina, furetto, cavalla, scimmia e ape.  Dei dieci tipi, nove sono distruttivi: solo l'ape-donna fa una buona moglie.  Nella seconda parte del testo, l\u2019autore si lamenta delle donne in generale come l\u2019origine di ogni male.<\/p>\n<p><!-- \/wp:paragraph --><\/p>\n<p><!-- wp:paragraph {\"ghostkitSR\":\"zoom\"} --><\/p>\n<p data-ghostkit-sr=\"zoom\">Anche la donna pi\u00f9 apprezzata dei tempi antichi - &quot;<em>la bella Elena<\/em>&quot;- non sfugge alla misoginia; la sua bellezza \u00e8 vista come la colpa e la causa principale di Troy War. Ma il miglior esempio di donna che \u00e8 all&#39;origine di tutto il male \u00e8 dato da Eva, la primissima donna, sola responsabile del <em>Peccato originale<\/em>             e la caduta di tutta l&#39;umanit\u00e0.<\/p>\n<p><!-- \/wp:paragraph --><\/p>\n<p><!-- wp:paragraph {\"backgroundColor\":\"very-light-gray\",\"ghostkitSR\":\"zoom\"} --><\/p>\n<p class=\"has-background has-very-light-gray-background-color\" data-ghostkit-sr=\"zoom\">In questo seminario, ricorderemo tutte queste estese tradizioni esistenti e le arricchiremo in un processo collettivo creativo per definire ed esprimere il maggior numero di misoginia e usarlo per giocare insieme - donne e uomini - il gioco dell&#39;odio femminile. Potremmo persino riuscire a rilevare la misoginia inconsapevole e inesplorata dentro ognuno di noi e trasformarla in uno strumento eccitante ed eccitante per i nostri giochi di bestemmia ...<\/p>\n<p><!-- \/wp:paragraph --><\/p>\n<p><!-- wp:paragraph {\"fontSize\":\"medium\",\"ghostkitSR\":\"zoom\"} --><\/p>\n<p class=\"has-medium-font-size\" data-ghostkit-sr=\"zoom\">Anime sensibili meglio astenersi.<\/p>\n<p><!-- \/wp:paragraph --><\/p>\n<p><!-- wp:paragraph {\"ghostkitSR\":\"zoom\"} --><\/p>\n<p data-ghostkit-sr=\"zoom\">\n<p><!-- \/wp:paragraph --><\/p>\n<\/div><hr style=\"margin:10px 0\"><\/div><a class=\"post-thumb alignleft\" style=\"float:left; margin-right:15px; clear:both;\" href=\"https:\/\/roma2019.xplore-festival.com\/it\/kill-the-mediterranean-in-you-and-anyother-hidden-pride\/ \"><\/a><div class=\"add_posts_content\" style=\"clear:both;\"><h4 class=\"title\" style=\"clear: none;\"><a href=\"https:\/\/roma2019.xplore-festival.com\/it\/kill-the-mediterranean-in-you-and-anyother-hidden-pride\/\">Uccidi il Mediterraneo in te e in ogni altro orgoglio nascosto<\/a><\/h4><div class=\"post-content\" style=\"clear:both\";><p><!-- wp:paragraph --><\/p>\n<p><a href=\"https:\/\/roma2019.xplore-festival.com\/it\/anna-natt\/\">Anna Natt<\/a> &amp; <a href=\"https:\/\/roma2019.xplore-festival.com\/it\/nehra-stella\/\">Nehra Stella<\/a><\/p>\n<p><!-- \/wp:paragraph --><\/p>\n<p><!-- wp:image {\"id\":967,\"align\":\"center\"} --><\/p>\n<div class=\"wp-block-image\">\n<figure class=\"aligncenter\"><img src=\"https:\/\/roma2019.xplore-festival.com\/wp-content\/uploads\/anna-nehra-1024x768.jpg\" alt=\"\" class=\"wp-image-967\"\/><\/figure>\n<\/div>\n<p><!-- \/wp:image --><\/p>\n<p><!-- wp:paragraph --><\/p>\n<p>Nonostante tutto il lavoro che facciamo per sradicare comportamenti socializzati profondamente radicati, ci sono ancora tracce residue di orgoglio che indugiano al di sotto della superficie della coscienza di cui non siamo consapevoli\u2026.orgoglio rispetto il proprio paese, il proprio sesso, la propria classe economica o all\u2019adesione ad un particolare gruppo sociale.<\/p>\n<p><!-- \/wp:paragraph --><\/p>\n<p><!-- wp:paragraph --><\/p>\n<p>Il nome stesso \u00ab Mediterraneo \u00bb sottolinea la convinzione che questo era, \u00e8 e sar\u00e0 per sempre il centro della terra; cosa c\u2019\u00e9 di piu pretenzioso?  \nLo sapete, \u00e8 tempo di uccidere il Mediterraneo che \u00e9 in voi e ogni altro tipo di orgoglio nazionale. \nSdraiati ai nostri piedi, implorerete il perdono e purificherete ogni compiacimento persistente rispetto al luogo della vostra nascita. <\/p>\n<p><!-- \/wp:paragraph --><\/p>\n<p><!-- wp:paragraph --><\/p>\n<p>Sdraiati ai nostri piedi, implorare il perdono ed eliminare ogni compiacimento persistente su dove sei nato.<\/p>\n<p><!-- \/wp:paragraph --><\/p>\n<p><!-- wp:paragraph --><\/p>\n<p>Impiegheremo l'ira di Nerone, la spietatezza dell'Inquisizione spagnola e tutta la vergogna della chiesa cattolica per farvi sentire purificati e liberi.<\/p>\n<p><!-- \/wp:paragraph --><\/p>\n<\/div><hr style=\"margin:10px 0\"><\/div><\/div><div style=\"clear: both;\"><\/div>","protected":false},"excerpt":{"rendered":"<p>Nehra Stella is a artist, body worker and filmmaker. In her work she explores gender, sexuality, identity issues, love and relationships, with an ironic, erotic, feminist, queer point of view.&nbsp; She believes that ART and SEX can change the world.&nbsp; She directed \u201cParis la Nuit\u201d in 2009, \u201cVivre Berlin\u201d in 2013 and \u201cBerlin-Sarajevo\u201d in 2014, &hellip;<\/p>\n<p class=\"read-more\"> <a class=\"\" href=\"https:\/\/roma2019.xplore-festival.com\/it\/nehra-stella\/\"> <span class=\"screen-reader-text\">Nehra Stella<\/span> Leggi altro &raquo;<\/a><\/p>","protected":false},"author":4,"featured_media":0,"parent":0,"menu_order":0,"comment_status":"closed","ping_status":"closed","template":"","meta":{"ghostkit_customizer_options":"","ghostkit_custom_css":"","ghostkit_custom_js_head":"","ghostkit_custom_js_foot":"","ghostkit_typography":"","site-sidebar-layout":"default","site-content-layout":"default","ast-global-header-display":"","ast-main-header-display":"","ast-hfb-above-header-display":"","ast-hfb-below-header-display":"","ast-hfb-mobile-header-display":"","site-post-title":"","ast-breadcrumbs-content":"","ast-featured-img":"","footer-sml-layout":"","theme-transparent-header-meta":"default","adv-header-id-meta":"","stick-header-meta":"default","header-above-stick-meta":"","header-main-stick-meta":"","header-below-stick-meta":""},"_links":{"self":[{"href":"https:\/\/roma2019.xplore-festival.com\/it\/wp-json\/wp\/v2\/pages\/1387"}],"collection":[{"href":"https:\/\/roma2019.xplore-festival.com\/it\/wp-json\/wp\/v2\/pages"}],"about":[{"href":"https:\/\/roma2019.xplore-festival.com\/it\/wp-json\/wp\/v2\/types\/page"}],"author":[{"embeddable":true,"href":"https:\/\/roma2019.xplore-festival.com\/it\/wp-json\/wp\/v2\/users\/4"}],"replies":[{"embeddable":true,"href":"https:\/\/roma2019.xplore-festival.com\/it\/wp-json\/wp\/v2\/comments?post=1387"}],"version-history":[{"count":5,"href":"https:\/\/roma2019.xplore-festival.com\/it\/wp-json\/wp\/v2\/pages\/1387\/revisions"}],"predecessor-version":[{"id":1816,"href":"https:\/\/roma2019.xplore-festival.com\/it\/wp-json\/wp\/v2\/pages\/1387\/revisions\/1816"}],"wp:attachment":[{"href":"https:\/\/roma2019.xplore-festival.com\/it\/wp-json\/wp\/v2\/media?parent=1387"}],"curies":[{"name":"wp","href":"https:\/\/api.w.org\/{rel}","templated":true}]}}