{"id":1179,"date":"2019-02-08T22:49:37","date_gmt":"2019-02-08T21:49:37","guid":{"rendered":"https:\/\/roma2019.xplore-festival.com\/?page_id=1179"},"modified":"2019-04-24T02:11:16","modified_gmt":"2019-04-24T00:11:16","slug":"francesca-donofrio","status":"publish","type":"page","link":"https:\/\/roma2019.xplore-festival.com\/it\/francesca-donofrio\/","title":{"rendered":"Francesca D&#39;Onofrio"},"content":{"rendered":"<div class=\"wp-block-image\"><figure class=\"alignleft\"><img decoding=\"async\" loading=\"lazy\" width=\"320\" height=\"360\" src=\"https:\/\/roma2019.xplore-festival.com\/wp-content\/uploads\/francescabio360.jpeg\" alt=\"\" class=\"wp-image-1010\" srcset=\"https:\/\/roma2019.xplore-festival.com\/wp-content\/uploads\/francescabio360.jpeg 320w, https:\/\/roma2019.xplore-festival.com\/wp-content\/uploads\/francescabio360-267x300.jpeg 267w\" sizes=\"(max-width: 320px) 100vw, 320px\" \/><\/figure><\/div>\n\n\n\n<p>Sono psicologa e psicoterapeuta familiare, ma la mia attivit\u00e0 principale consiste nel parlare di sesso.<br> Penso che il piacere sia una spinta vitale da rispettare, esprimere e trattare con cura. Penso che parlare di sesso sia qualcosa di naturale e dirompente allo stesso tempo. Che possa essere liberatorio. Per questo parlo di sesso in tutti i\ncontesti in cui ne ho la possibilit\u00e0, negli studi medici e nei pub, nei centri sociali e nei club priv\u00e9. Scrivo di sesso, organizzo workshop sul sesso,<br> faccio consulenza sessuale. Insomma, cerco di \u201cistigare\u201d il pi\u00f9 possibile a parlare, giocare,\nsperimentare, esplorare per godere al meglio della propria sessualit\u00e0.<\/p>\n\n\n\n<div style=\"height:200px\" aria-hidden=\"true\" class=\"wp-block-spacer\"><\/div>\n\n\n\n<h3>Workshop<\/h3>\n\n\n\n<hr class=\"wp-block-separator\"\/>\n\n\n<div class=\"add_posts\"><a class=\"post-thumb alignleft\" style=\"float:left; margin-right:15px; clear:both;\" href=\"https:\/\/roma2019.xplore-festival.com\/it\/orgasmic\/ \"><\/a><div class=\"add_posts_content\" style=\"clear:both;\"><h4 class=\"title\" style=\"clear: none;\"><a href=\"https:\/\/roma2019.xplore-festival.com\/it\/orgasmic\/\">Orgasmica<\/a><\/h4><div class=\"post-content\" style=\"clear:both\";><p><!-- wp:paragraph --><\/p>\n<p><a href=\"https:\/\/roma2019.xplore-festival.com\/it\/francesca-donofrio\/\">Francesca D&#39;Onofrio<\/a><\/p>\n<p><!-- \/wp:paragraph --><\/p>\n<p><!-- wp:paragraph --><\/p>\n<p>Orgasmica \u00e8 un lavoro sull\u2019orgasmo. Orgasmica come potenzialit\u00e0 di ogni persona di soddisfare il desiderio.<br \/> Che cos\u2019\u00e8 l\u2019orgasmo?<br \/> Quali aspetti di noi ci conducono al suo raggiungimento?<br \/> Quali frenano il nostro accesso al piacere?<br \/> Quale la nostra disponibilit\u00e0 a sperimentare la \u201cpiccola morte\u201d e a riaprirci, a rinascere, ogni volta al godimento?\nSe \u00e8 vero che la felicit\u00e0 passa per il nostro piacere sessuale, se i benefici di un orgasmo si riverberano in tutti gli aspetti della nostra vita, ecco un\u2019occasione per esplorare insieme il mondo del piacere, il personalissimo universo del godimento e legarlo inscindibilmente a tutti i piaceri della vita e alla felicit\u00e0. Il nostro corpo, \u00e8 predisposto per darci piacere: conoscendolo, amandolo e rispettandolo possiamo liberarci di pregiudizi e tab\u00f9 che ostacolano la possibilit\u00e0 di\ngoderne nelle varie forme. <\/p>\n<p><!-- \/wp:paragraph --><\/p>\n<p><!-- wp:paragraph --><\/p>\n<p>Il workshop sar\u00e0 un breve viaggio.<br \/> Partiremo dalla conoscenza di noi, dalle basi anatomico-fisiologiche e neurologiche, fino a toccare gli aspetti pi\u00f9 profondi della nostra emotivit\u00e0 legati al piacere sessuale. Individueremo gli eventuali ostacoli al raggiungimento del piacere e contribuiremo alla loro rimozione.\nSperimenteremo tutte le fasi del percorso mettendo in gioco i corpi, le emozioni e le\nfantasie che li animano.<br \/> Confrontando i modi che ognuno ha sperimentato, arricchiremo il bagaglio di tutti nel viaggio verso il piacere.<\/p>\n<p><!-- \/wp:paragraph --><\/p>\n<\/div><hr style=\"margin:10px 0\"><\/div><\/div><div style=\"clear: both;\"><\/div>","protected":false},"excerpt":{"rendered":"<p>I am a family psychologist and psychotherapist, but my main activity is to talk about sex. I think pleasure is a vital boost to be respected, expressed and treated with care. I think talking about sex is something natural and disruptive at the same time. May it be liberating. That&#8217;s why I talk about sex &hellip;<\/p>\n<p class=\"read-more\"> <a class=\"\" href=\"https:\/\/roma2019.xplore-festival.com\/it\/francesca-donofrio\/\"> <span class=\"screen-reader-text\">Francesca D&#39;Onofrio<\/span> Leggi altro &raquo;<\/a><\/p>","protected":false},"author":1,"featured_media":0,"parent":0,"menu_order":0,"comment_status":"closed","ping_status":"closed","template":"","meta":{"ghostkit_customizer_options":"","ghostkit_custom_css":"","ghostkit_custom_js_head":"","ghostkit_custom_js_foot":"","ghostkit_typography":"","site-sidebar-layout":"default","site-content-layout":"default","ast-global-header-display":"","ast-main-header-display":"","ast-hfb-above-header-display":"","ast-hfb-below-header-display":"","ast-hfb-mobile-header-display":"","site-post-title":"","ast-breadcrumbs-content":"","ast-featured-img":"","footer-sml-layout":"","theme-transparent-header-meta":"default","adv-header-id-meta":"","stick-header-meta":"default","header-above-stick-meta":"","header-main-stick-meta":"","header-below-stick-meta":""},"_links":{"self":[{"href":"https:\/\/roma2019.xplore-festival.com\/it\/wp-json\/wp\/v2\/pages\/1179"}],"collection":[{"href":"https:\/\/roma2019.xplore-festival.com\/it\/wp-json\/wp\/v2\/pages"}],"about":[{"href":"https:\/\/roma2019.xplore-festival.com\/it\/wp-json\/wp\/v2\/types\/page"}],"author":[{"embeddable":true,"href":"https:\/\/roma2019.xplore-festival.com\/it\/wp-json\/wp\/v2\/users\/1"}],"replies":[{"embeddable":true,"href":"https:\/\/roma2019.xplore-festival.com\/it\/wp-json\/wp\/v2\/comments?post=1179"}],"version-history":[{"count":3,"href":"https:\/\/roma2019.xplore-festival.com\/it\/wp-json\/wp\/v2\/pages\/1179\/revisions"}],"predecessor-version":[{"id":1724,"href":"https:\/\/roma2019.xplore-festival.com\/it\/wp-json\/wp\/v2\/pages\/1179\/revisions\/1724"}],"wp:attachment":[{"href":"https:\/\/roma2019.xplore-festival.com\/it\/wp-json\/wp\/v2\/media?parent=1179"}],"curies":[{"name":"wp","href":"https:\/\/api.w.org\/{rel}","templated":true}]}}