{"id":1150,"date":"2019-02-07T23:16:22","date_gmt":"2019-02-07T22:16:22","guid":{"rendered":"https:\/\/roma2019.xplore-festival.com\/?page_id=1150"},"modified":"2019-04-24T02:20:46","modified_gmt":"2019-04-24T00:20:46","slug":"christian-bayerlein-grit-uhlemann","status":"publish","type":"page","link":"https:\/\/roma2019.xplore-festival.com\/it\/christian-bayerlein-grit-uhlemann\/","title":{"rendered":"Christian Bayerlein &amp; Grit Uhlemann"},"content":{"rendered":"<div class=\"wp-block-image\"><figure class=\"alignleft is-resized\"><img decoding=\"async\" loading=\"lazy\" src=\"https:\/\/roma2019.xplore-festival.com\/wp-content\/uploads\/ChristianGrit-1024x683.jpg\" alt=\"\" class=\"wp-image-1012\" width=\"512\" height=\"342\" srcset=\"https:\/\/roma2019.xplore-festival.com\/wp-content\/uploads\/ChristianGrit-1024x683.jpg 1024w, https:\/\/roma2019.xplore-festival.com\/wp-content\/uploads\/ChristianGrit-300x200.jpg 300w, https:\/\/roma2019.xplore-festival.com\/wp-content\/uploads\/ChristianGrit-768x512.jpg 768w, https:\/\/roma2019.xplore-festival.com\/wp-content\/uploads\/ChristianGrit-500x333.jpg 500w, https:\/\/roma2019.xplore-festival.com\/wp-content\/uploads\/ChristianGrit-800x533.jpg 800w, https:\/\/roma2019.xplore-festival.com\/wp-content\/uploads\/ChristianGrit-1280x853.jpg 1280w, https:\/\/roma2019.xplore-festival.com\/wp-content\/uploads\/ChristianGrit.jpg 1500w\" sizes=\"(max-width: 512px) 100vw, 512px\" \/><\/figure><\/div>\n\n\n\n<p>sono due dei principali protagonisti di <strong>TOUCH ME NOT<\/strong>il film che ha vinto l&#39;Orso d&#39;Oro alla Berlinale 2018.<br> <strong>TOUCH ME NOT <\/strong>non \u00e8 solo un film. \u00c8 un&#39;esperienza. Cos\u00ec intimo e cos\u00ec profondo ... un viaggio di scoperta di s\u00e9. &quot; (KINOZEIT)<br> &quot;Uno sguardo che apre gli occhi sulla sessualit\u00e0 umana. Un tour de force incredibilmente coinvolgente. &#39;(HOLLYWOOD REPORTER)<br> Spiriti liberi, cuori liberi, Christian & Grit hanno iniziato il loro rapporto nel 2014. Sono energici\nattivisti dei diritti umani, appassionati viaggiatori del mondo e curiosi esploratori di intimit\u00e0. Sono sostenitori espliciti dei diritti delle persone disabili, per una migliore accessibilit\u00e0 e inclusione nella comunit\u00e0. Hanno un particolare interesse per la sessualit\u00e0 e la disabilit\u00e0. Christian gestisce un blog sull&#39;argomento, chiamato &#39;kissability.de. Inoltre, tengono conferenze sull&#39;argomento e partecipano a diversi progetti culturali incentrati su opinioni positive sui corpi (diversamente abili) e sull&#39; \u201cempowerment\u201c.\nSono molto aperti agli esperimenti, promuovono la presa di potere reciproca e portano le diverse abilit\u00e0 nella relazione a beneficio di entrambi. Questo pu\u00f2 sembrare molto ovvio e normale e per la maggior parte delle coppie lo \u00e8. Ma quando entra in gioco la disabilit\u00e0, ci sono dei preconcetti che vogliono superare diventando un modello di riferimento - o semplicemente vivendo la propria vita e raccontandola.<strong>kissability.de<\/strong>&#8216;.<br> Inoltre, tengono discorsi sull&#39;argomento e partecipano a diversi progetti culturali incentrati su punti di vista positivi su organismi (diversamente abili) e responsabilizzazione. Sono molto aperti agli esperimenti, promuovono l&#39;empowerment reciproco e portano le diverse abilit\u00e0 nella relazione a beneficio di entrambi. Questo pu\u00f2 sembrare molto ovvio e normale e per la maggior parte delle coppie lo \u00e8. Ma quando entra in gioco la disabilit\u00e0, ci sono dei preconcetti che vogliono superare essendo un modello - o semplicemente vivendo le loro vite e raccontandole.<\/p>\n\n\n\n<div style=\"height:150px\" aria-hidden=\"true\" class=\"wp-block-spacer\"><\/div>\n\n\n\n<h3>Workshop<\/h3>\n\n\n\n<hr class=\"wp-block-separator\"\/>\n\n\n<div class=\"add_posts\"><a class=\"post-thumb alignleft\" style=\"float:left; margin-right:15px; clear:both;\" href=\"https:\/\/roma2019.xplore-festival.com\/it\/awakening-sensuality-through-immobility\/ \"><\/a><div class=\"add_posts_content\" style=\"clear:both;\"><h4 class=\"title\" style=\"clear: none;\"><a href=\"https:\/\/roma2019.xplore-festival.com\/it\/awakening-sensuality-through-immobility\/\">Risvegliare la sensualit\u00e0 attraverso l&#39;immobilit\u00e0<\/a><\/h4><div class=\"post-content\" style=\"clear:both\";><p><!-- wp:paragraph --><\/p>\n<p><a href=\"https:\/\/roma2019.xplore-festival.com\/it\/christian-bayerlein-grit-uhlemann\/\">Christian Bayerlein & Grit Uhlemann<\/a><\/p>\n<p><!-- \/wp:paragraph --><\/p>\n<p><!-- wp:image {\"id\":1156,\"align\":\"right\",\"width\":425,\"height\":319} --><\/p>\n<div class=\"wp-block-image\">\n<figure class=\"alignright is-resized\"><img src=\"https:\/\/roma2019.xplore-festival.com\/wp-content\/uploads\/immobilisation_web.jpg\" alt=\"\" class=\"wp-image-1156\" width=\"425\" height=\"319\"\/><\/figure>\n<\/div>\n<p><!-- \/wp:image --><\/p>\n<p><!-- wp:paragraph --><\/p>\n<p>Comunicazione, fiducia e sensualit\u00e0 arricchita sono i tre pilastri di relazioni armoniose che possono essere vissute profondamente in\nquesto workshop sull&#39;immobilizzazione, l&#39;empatia e l&#39;erotismo. Molte persone paralizzate testimoniano che l&#39;immobilizzazione aumenta la sensibilit\u00e0 nelle parti del corpo che sono ancora sensibili. I partecipanti potranno sperimenterare cosa succede quando alcune parti del corpo sono immobilizzate. Lasciare andare il controllo, fidarsi e arrendersi alla situazione pu\u00f2 spesso\ndare un certo tipo di libert\u00e0 interiore e risvegliare i sensi. La verbalizzazione dei propri bisogni \u00e8 incoraggiata per una migliore comunicazione.<br \/> Lasciarsi andare al controllo, fidarsi e arrendersi alla situazione pu\u00f2 spesso dare un certo tipo di libert\u00e0 interiore e suscitare i sensi. La verbalizzazione dei propri bisogni \u00e8 incoraggiata per una migliore comunicazione.<\/p>\n<p><!-- \/wp:paragraph --><\/p>\n<\/div><hr style=\"margin:10px 0\"><\/div><\/div><div style=\"clear: both;\"><\/div>","protected":false},"excerpt":{"rendered":"<p>Christian &amp; Grit are two of the main protagonists of TOUCH ME NOT, the Golden Bear winner at the Berlinale 2018. &#8216;TOUCH ME NOT is not just a movie. It is an experience. So intimate and so profound\u2026 a self-discovery trip.&#8217; (KINOZEIT) &#8216;An eye opening look at human sexuality. A relentessly immersive tour de force. &hellip;<\/p>\n<p class=\"read-more\"> <a class=\"\" href=\"https:\/\/roma2019.xplore-festival.com\/it\/christian-bayerlein-grit-uhlemann\/\"> <span class=\"screen-reader-text\">Christian Bayerlein &amp; Grit Uhlemann<\/span> Leggi altro &raquo;<\/a><\/p>","protected":false},"author":1,"featured_media":0,"parent":0,"menu_order":0,"comment_status":"closed","ping_status":"closed","template":"","meta":{"ghostkit_customizer_options":"","ghostkit_custom_css":"","ghostkit_custom_js_head":"","ghostkit_custom_js_foot":"","ghostkit_typography":"","site-sidebar-layout":"default","site-content-layout":"default","ast-global-header-display":"","ast-main-header-display":"","ast-hfb-above-header-display":"","ast-hfb-below-header-display":"","ast-hfb-mobile-header-display":"","site-post-title":"","ast-breadcrumbs-content":"","ast-featured-img":"","footer-sml-layout":"","theme-transparent-header-meta":"default","adv-header-id-meta":"","stick-header-meta":"default","header-above-stick-meta":"","header-main-stick-meta":"","header-below-stick-meta":""},"_links":{"self":[{"href":"https:\/\/roma2019.xplore-festival.com\/it\/wp-json\/wp\/v2\/pages\/1150"}],"collection":[{"href":"https:\/\/roma2019.xplore-festival.com\/it\/wp-json\/wp\/v2\/pages"}],"about":[{"href":"https:\/\/roma2019.xplore-festival.com\/it\/wp-json\/wp\/v2\/types\/page"}],"author":[{"embeddable":true,"href":"https:\/\/roma2019.xplore-festival.com\/it\/wp-json\/wp\/v2\/users\/1"}],"replies":[{"embeddable":true,"href":"https:\/\/roma2019.xplore-festival.com\/it\/wp-json\/wp\/v2\/comments?post=1150"}],"version-history":[{"count":3,"href":"https:\/\/roma2019.xplore-festival.com\/it\/wp-json\/wp\/v2\/pages\/1150\/revisions"}],"predecessor-version":[{"id":1738,"href":"https:\/\/roma2019.xplore-festival.com\/it\/wp-json\/wp\/v2\/pages\/1150\/revisions\/1738"}],"wp:attachment":[{"href":"https:\/\/roma2019.xplore-festival.com\/it\/wp-json\/wp\/v2\/media?parent=1150"}],"curies":[{"name":"wp","href":"https:\/\/api.w.org\/{rel}","templated":true}]}}