{"id":1135,"date":"2019-02-07T22:21:09","date_gmt":"2019-02-07T21:21:09","guid":{"rendered":"https:\/\/roma2019.xplore-festival.com\/?page_id=1135"},"modified":"2019-04-24T02:09:03","modified_gmt":"2019-04-24T00:09:03","slug":"melania-mieli","status":"publish","type":"page","link":"https:\/\/roma2019.xplore-festival.com\/it\/melania-mieli\/","title":{"rendered":"Melania Mieli"},"content":{"rendered":"<p>Melania Mieli \u00e8 lo pseudonimo di uno scrittore italiano nato nel 1983. Ha debuttato nel 2015 con <strong>Il tredicesimo periodo<\/strong>, un romanzo sull&#39;autodeterminazione attraverso il corpo e l&#39;esplorazione del desiderio.<br> Dal 2015 al 2016 ha raccontato la storia dei dipendenti dello Studio sul web, e da questa esperienza \u00e8 nato Il Piano dei Conti, un romanzo sul mondo del lavoro rappresentato in modo grottesco. Da novembre 2016 ha partecipato al movimento femminista &quot;Non Una di Meno&quot;. Il suo sito, melaniamieli.com, \u00e8 uno spazio di discussione con scrittori, musicisti e artisti indipendenti, in cui vengono approfonditi temi legati alla sessualit\u00e0, al post porn e al femminismo.<\/p>\n\n\n\n<div style=\"height:150px\" aria-hidden=\"true\" class=\"wp-block-spacer\"><\/div>\n\n\n\n<h3>Workshop<\/h3>\n\n\n\n<hr class=\"wp-block-separator\"\/>\n\n\n<div class=\"add_posts\"><a class=\"post-thumb alignleft\" style=\"float:left; margin-right:15px; clear:both;\" href=\"https:\/\/roma2019.xplore-festival.com\/it\/pop-porn-fantasies\/ \"><\/a><div class=\"add_posts_content\" style=\"clear:both;\"><h4 class=\"title\" style=\"clear: none;\"><a href=\"https:\/\/roma2019.xplore-festival.com\/it\/pop-porn-fantasies\/\">Pop Porn Fantasies<\/a><\/h4><div class=\"post-content\" style=\"clear:both\";><p><!-- wp:paragraph --><\/p>\n<p><a href=\"https:\/\/roma2019.xplore-festival.com\/it\/melania-mieli\/\">Melania Mieli<\/a><\/p>\n<p><!-- \/wp:paragraph --><\/p>\n<p><!-- wp:paragraph --><\/p>\n<p>Segrete, nascoste, sbagliate. Cos\u00ec sono percepite le fantasie sessuali dal lato benpensante delle societ\u00e0 che abitiamo. A meno che non si tratti del prodotto etero-normato, costruito sul desiderio stereotipato del maschio-occidentale, che invade film, porno tradizionale e persino spot pubblicitari. L\u2019apprezzamento pubblico e la valorizzazione delle virt\u00f9 \u201caddomesticate\u201d, quali l\u2019eleganza e la purezza,\ncrea limiti castranti alla favolosit\u00e0 delle nostre\nmenti. \u00c9 l\u00ec che vivono fantasie deliziosamente\nscellerate. E tirarle fuori \u00e8 il primo e pi\u00f9 forte atto di ribellione che ci possiamo regalare. In questo workshop daremo voce ai nostri pi\u00f9 sublimi pensieri. Ci esprimeremo e ascolteremo, scoprendo cose inedite di noi stessi. Troveremo un tesoro di ispirazioni, desideri, parole che sar\u00e0 importante condividere, a partire da chi ci \u00e8 accanto. Alleniamoci a farci conoscere nella nostra pienezza: \u00e8 un potente segnale di fiducia e di rispetto che possiamo riconoscere a chi  ci vuole bene.<\/p>\n<p><!-- \/wp:paragraph --><\/p>\n<\/div><hr style=\"margin:10px 0\"><\/div><a class=\"post-thumb alignleft\" style=\"float:left; margin-right:15px; clear:both;\" href=\"https:\/\/roma2019.xplore-festival.com\/it\/feminist-leadership\/ \"><\/a><div class=\"add_posts_content\" style=\"clear:both;\"><h4 class=\"title\" style=\"clear: none;\"><a href=\"https:\/\/roma2019.xplore-festival.com\/it\/feminist-leadership\/\">Leadership femminista<\/a><\/h4><div class=\"post-content\" style=\"clear:both\";><p><!-- wp:paragraph --><\/p>\n<p><a href=\"https:\/\/roma2019.xplore-festival.com\/it\/melania-mieli\/\">Melania Mieli<\/a><\/p>\n<p><!-- \/wp:paragraph --><\/p>\n<p><!-- wp:paragraph --><\/p>\n<p>Nel nostro quotidiano siamo soliti veder agire i\nleader della societ\u00e0 patriarcale in tutto il loro\n\u201csplendore\u201d: maschi bianchi che camminano spediti con una valigetta 24 ore di pelle in mano, politici rampanti che urlano sguaiati slogan, dongiovanni a digiuno di cultura del consenso. Ma il potere non \u00e8 prerogativa machista. Ridiscutere le asimmetria di potere, status, risorse, che viene costruita e sorretta\nda pratiche maschiliste assume oggi un\u2019urgenza\nparticolare perch\u00e9 tale squilibrio limita lo sviluppo culturale, civile e sessuale. Indagare con coraggio l\u2019autorit\u00e0 diventa dunque un\u2019arma per aumentare la consapevolezza sulle proprie aree di forza e sui comportamenti limitanti. Durante questo workshop indagheremo il potere formale e quello erotico, coglieremo le trasformazioni in atto e sperimenteremo nuove forme di influenza.<br \/> Durante questo seminario indagheremo sul potere formale e sul potere erotico, coglieremo le trasformazioni in corso e sperimenteremo nuove forme di influenza.<\/p>\n<p><!-- \/wp:paragraph --><\/p>\n<\/div><hr style=\"margin:10px 0\"><\/div><\/div><div style=\"clear: both;\"><\/div>","protected":false},"excerpt":{"rendered":"<p>Melania Mieli is the pseudonym of an Italian writer born in 1983. She made her debut in 2015 with The Thirteenth Period, a novel about self-determination through the body and the exploration of desire. From 2015 to 2016 she told the story of the employees of the Firm on the web, and from this experience &hellip;<\/p>\n<p class=\"read-more\"> <a class=\"\" href=\"https:\/\/roma2019.xplore-festival.com\/it\/melania-mieli\/\"> <span class=\"screen-reader-text\">Melania Mieli<\/span> Leggi altro &raquo;<\/a><\/p>","protected":false},"author":1,"featured_media":0,"parent":0,"menu_order":0,"comment_status":"closed","ping_status":"closed","template":"","meta":{"ghostkit_customizer_options":"","ghostkit_custom_css":"","ghostkit_custom_js_head":"","ghostkit_custom_js_foot":"","ghostkit_typography":"","site-sidebar-layout":"default","site-content-layout":"default","ast-global-header-display":"","ast-main-header-display":"","ast-hfb-above-header-display":"","ast-hfb-below-header-display":"","ast-hfb-mobile-header-display":"","site-post-title":"","ast-breadcrumbs-content":"","ast-featured-img":"","footer-sml-layout":"","theme-transparent-header-meta":"default","adv-header-id-meta":"","stick-header-meta":"default","header-above-stick-meta":"","header-main-stick-meta":"","header-below-stick-meta":""},"_links":{"self":[{"href":"https:\/\/roma2019.xplore-festival.com\/it\/wp-json\/wp\/v2\/pages\/1135"}],"collection":[{"href":"https:\/\/roma2019.xplore-festival.com\/it\/wp-json\/wp\/v2\/pages"}],"about":[{"href":"https:\/\/roma2019.xplore-festival.com\/it\/wp-json\/wp\/v2\/types\/page"}],"author":[{"embeddable":true,"href":"https:\/\/roma2019.xplore-festival.com\/it\/wp-json\/wp\/v2\/users\/1"}],"replies":[{"embeddable":true,"href":"https:\/\/roma2019.xplore-festival.com\/it\/wp-json\/wp\/v2\/comments?post=1135"}],"version-history":[{"count":2,"href":"https:\/\/roma2019.xplore-festival.com\/it\/wp-json\/wp\/v2\/pages\/1135\/revisions"}],"predecessor-version":[{"id":1721,"href":"https:\/\/roma2019.xplore-festival.com\/it\/wp-json\/wp\/v2\/pages\/1135\/revisions\/1721"}],"wp:attachment":[{"href":"https:\/\/roma2019.xplore-festival.com\/it\/wp-json\/wp\/v2\/media?parent=1135"}],"curies":[{"name":"wp","href":"https:\/\/api.w.org\/{rel}","templated":true}]}}